{"id":86,"date":"2023-11-13T15:09:46","date_gmt":"2023-11-13T14:09:46","guid":{"rendered":"https:\/\/horizons-sante-mentale.com\/?page_id=86"},"modified":"2024-02-10T09:30:33","modified_gmt":"2024-02-10T08:30:33","slug":"accessibilite","status":"publish","type":"page","link":"https:\/\/horizons-sante-mentale.com\/index.php\/accessibilite\/","title":{"rendered":"Acc\u00e8s"},"content":{"rendered":"<p>[et_pb_section fb_built=&#8221;1&#8243; admin_label=&#8221;section&#8221; _builder_version=&#8221;4.23.1&#8243; custom_padding=&#8221;0px||0px||false|false&#8221; global_colors_info=&#8221;{}&#8221;][et_pb_row _builder_version=&#8221;4.23.1&#8243; _module_preset=&#8221;default&#8221; global_colors_info=&#8221;{}&#8221;][et_pb_column type=&#8221;4_4&#8243; _builder_version=&#8221;4.16&#8243; _module_preset=&#8221;default&#8221; global_colors_info=&#8221;{}&#8221;][et_pb_text _builder_version=&#8221;4.23.1&#8243; _module_preset=&#8221;e598b17a-9229-42f6-b238-019d6094332e&#8221; header_font=&#8221;Outfit|600|||||||&#8221; header_text_color=&#8221;#000000&#8243; header_font_size=&#8221;72px&#8221; header_line_height=&#8221;1.1em&#8221; max_width=&#8221;800px&#8221; custom_margin=&#8221;||0px||false|false&#8221; header_font_size_tablet=&#8221;40px&#8221; header_font_size_phone=&#8221;24px&#8221; header_font_size_last_edited=&#8221;on|phone&#8221; locked=&#8221;off&#8221; global_colors_info=&#8221;{}&#8221;]<\/p>\n<h1>acc\u00e8s<\/h1>\n<p>[\/et_pb_text][et_pb_divider color=&#8221;rgba(76,89,76,0.3)&#8221; divider_weight=&#8221;10px&#8221; _builder_version=&#8221;4.23.1&#8243; _module_preset=&#8221;a9fcc5b1-74c5-43b4-b776-3e310da5f3e8&#8243; z_index=&#8221;10&#8243; max_width=&#8221;260px&#8221; height=&#8221;10px&#8221; custom_margin=&#8221;-32px||30px||false|false&#8221; custom_margin_tablet=&#8221;-27px||||false|false&#8221; custom_margin_phone=&#8221;-18px||||false|false&#8221; custom_margin_last_edited=&#8221;on|phone&#8221; global_colors_info=&#8221;{}&#8221;][\/et_pb_divider][\/et_pb_column][\/et_pb_row][\/et_pb_section][et_pb_section fb_built=&#8221;1&#8243; next_background_color=&#8221;#ffffff&#8221; _builder_version=&#8221;4.23.1&#8243; _module_preset=&#8221;default&#8221; background_color=&#8221;#F6F6F6&#8243; custom_margin=&#8221;0px||0px||true|false&#8221; custom_padding=&#8221;0px||||false|false&#8221; bottom_divider_style=&#8221;curve&#8221; bottom_divider_height=&#8221;2.5vw&#8221; bottom_divider_repeat=&#8221;1x&#8221; bottom_divider_flip=&#8221;vertical&#8221; global_colors_info=&#8221;{}&#8221;][et_pb_row column_structure=&#8221;3_5,2_5&#8243; _builder_version=&#8221;4.23.1&#8243; _module_preset=&#8221;default&#8221; custom_margin=&#8221;0px||-50px||false|false&#8221; custom_padding=&#8221;15px|0px||||&#8221; global_colors_info=&#8221;{}&#8221;][et_pb_column type=&#8221;3_5&#8243; _builder_version=&#8221;4.23.1&#8243; _module_preset=&#8221;default&#8221; global_colors_info=&#8221;{}&#8221;][et_pb_text _builder_version=&#8221;4.23.1&#8243; _module_preset=&#8221;default&#8221; text_font=&#8221;Montserrat||||||||&#8221; text_text_color=&#8221;#000000&#8243; text_font_size=&#8221;15px&#8221; header_text_color=&#8221;#000000&#8243; text_orientation=&#8221;justified&#8221; custom_margin=&#8221;||10px|||&#8221; inline_fonts=&#8221;Montserrat&#8221; global_colors_info=&#8221;{}&#8221;]<\/p>\n<p class=\"MsoNormal\" style=\"margin: 0cm; font-size: 11pt; font-family: Calibri, sans-serif; color: #000000; text-align: justify;\"><span style=\"font-family: Montserrat;\"><\/span><\/p>\n<p class=\"MsoNormal\" style=\"margin: 0cm; font-size: 11pt; font-family: Calibri, sans-serif; color: #000000;\"><span style=\"font-family: Montserrat; color: #ffffff;\"><\/span><\/p>\n<p class=\"MsoNormal\" style=\"margin: 0cm; font-size: 11pt; font-family: Calibri, sans-serif; color: #000000;\"><span style=\"font-family: Montserrat; color: #000000;\">Au carrefour des communes de Rouen, Mont-Saint-Aignan et Bois-Guillaume, le Centre Horizons Sant\u00e9 Mentale se situe au deuxi\u00e8me \u00e9tage de la Maison de Sant\u00e9 du Champ des Oiseaux, 1 Chemin de Cl\u00e8res, \u00e0 Mont-Saint-Aignan. <\/span><\/p>\n<p class=\"MsoNormal\" style=\"margin: 0cm; font-size: 11pt; font-family: Calibri, sans-serif; color: #000000;\"><span style=\"font-family: Montserrat; color: #ffffff;\"><\/span><\/p>\n<p class=\"MsoNormal\" style=\"margin: 0cm; font-size: 11pt; font-family: Calibri, sans-serif; color: #000000;\"><span style=\"font-family: Montserrat; color: #000000;\">A seulement 15 minutes de marche de la gare de Rouen Rive Droite, il offre une accessibilit\u00e9 optimale, que ce soit en transports en commun comme en voiture, avec des possibilit\u00e9s de stationnement \u00e0 proximit\u00e9.<\/span><\/p>\n<p class=\"MsoNormal\" style=\"margin: 0cm; font-size: 11pt; font-family: Calibri, sans-serif; color: #000000;\"><span style=\"font-family: Montserrat; color: #000000;\">Les installations du centre r\u00e9pondent aux normes PMR, garantissant une accessibilit\u00e9 \u00e0 tous.<\/span><o:p><\/o:p><\/p>\n<p class=\"MsoNormal\" style=\"margin: 0cm; font-size: 11pt; font-family: Calibri, sans-serif; color: #000000;\"><span style=\"font-family: Montserrat; color: #000000;\"><\/span><\/p>\n<p class=\"MsoNormal\" style=\"margin: 0cm; font-size: 11pt; font-family: Calibri, sans-serif; color: #000000;\"><span style=\"font-family: Montserrat; color: #000000;\"><\/span><\/p>\n<p>[\/et_pb_text][et_pb_button button_url=&#8221;https:\/\/horizons-sante-mentale.com\/index.php\/demande-de-rendez-vous\/&#8221; button_text=&#8221;PRENDRE RENDEZ-VOUS&#8221; button_alignment=&#8221;center&#8221; _builder_version=&#8221;4.23.1&#8243; custom_button=&#8221;on&#8221; button_text_size=&#8221;15px&#8221; button_text_color=&#8221;#F8B310&#8243; button_bg_color=&#8221;#FFFFFF&#8221; button_border_width=&#8221;2px&#8221; button_border_color=&#8221;#F8B310&#8243; button_border_radius=&#8221;100px&#8221; button_letter_spacing=&#8221;2px&#8221; button_font=&#8221;Montserrat|700||on|||||&#8221; button_icon_color=&#8221;#3493E5&#8243; custom_margin=&#8221;||28px|0px|false|false&#8221; custom_padding=&#8221;6px|25px|6px|25px|true|true&#8221; button_letter_spacing_hover=&#8221;2px&#8221; global_colors_info=&#8221;{}&#8221; button_text_size__hover_enabled=&#8221;off&#8221; button_one_text_size__hover_enabled=&#8221;off&#8221; button_two_text_size__hover_enabled=&#8221;off&#8221; button_text_color__hover_enabled=&#8221;off&#8221; button_one_text_color__hover_enabled=&#8221;off&#8221; button_two_text_color__hover_enabled=&#8221;off&#8221; button_border_width__hover_enabled=&#8221;off&#8221; button_one_border_width__hover_enabled=&#8221;off&#8221; button_two_border_width__hover_enabled=&#8221;off&#8221; button_border_color__hover_enabled=&#8221;off&#8221; button_one_border_color__hover_enabled=&#8221;off&#8221; button_two_border_color__hover_enabled=&#8221;off&#8221; button_border_radius__hover_enabled=&#8221;off&#8221; button_one_border_radius__hover_enabled=&#8221;off&#8221; button_two_border_radius__hover_enabled=&#8221;off&#8221; button_letter_spacing__hover_enabled=&#8221;on&#8221; button_letter_spacing__hover=&#8221;2px&#8221; button_one_letter_spacing__hover_enabled=&#8221;off&#8221; button_two_letter_spacing__hover_enabled=&#8221;off&#8221; button_bg_color__hover_enabled=&#8221;off&#8221; button_one_bg_color__hover_enabled=&#8221;off&#8221; button_two_bg_color__hover_enabled=&#8221;off&#8221;][\/et_pb_button][\/et_pb_column][et_pb_column type=&#8221;2_5&#8243; _builder_version=&#8221;4.23.1&#8243; _module_preset=&#8221;default&#8221; custom_padding=&#8221;0px||||false|false&#8221; global_colors_info=&#8221;{}&#8221;][et_pb_image src=&#8221;https:\/\/horizons-sante-mentale.com\/wp-content\/uploads\/2023\/11\/maison-medicale-image.jpeg&#8221; title_text=&#8221;maison me\u0301dicale image&#8221; _builder_version=&#8221;4.23.1&#8243; _module_preset=&#8221;default&#8221; custom_margin=&#8221;35px||||false|false&#8221; custom_padding=&#8221;0px||||false|false&#8221; border_radii=&#8221;on|15px|15px|15px|15px&#8221; global_colors_info=&#8221;{}&#8221;][\/et_pb_image][\/et_pb_column][\/et_pb_row][\/et_pb_section][et_pb_section fb_built=&#8221;1&#8243; _builder_version=&#8221;4.23.1&#8243; _module_preset=&#8221;default&#8221; global_colors_info=&#8221;{}&#8221;][et_pb_row column_structure=&#8221;1_4,1_2,1_4&#8243; _builder_version=&#8221;4.23.1&#8243; _module_preset=&#8221;default&#8221; global_colors_info=&#8221;{}&#8221;][et_pb_column type=&#8221;1_4&#8243; _builder_version=&#8221;4.23.1&#8243; _module_preset=&#8221;default&#8221; global_colors_info=&#8221;{}&#8221;][\/et_pb_column][et_pb_column type=&#8221;1_2&#8243; _builder_version=&#8221;4.23.1&#8243; _module_preset=&#8221;default&#8221; global_colors_info=&#8221;{}&#8221;][et_pb_text _builder_version=&#8221;4.23.1&#8243; _module_preset=&#8221;default&#8221; text_font=&#8221;|||on|||||&#8221; text_font_size=&#8221;23px&#8221; global_colors_info=&#8221;{}&#8221; width=&#8221;98.2%&#8221; custom_margin=&#8221;|172px||||&#8221;]<\/p>\n<p style=\"text-align: center;\">Horizons Sant\u00e9 Mentale<br \/>Maison m\u00e9dicale champ des oiseaux<br \/>2\u00e8me etage<br \/>1 chemin de Cl\u00e8res,<br \/>76130 MONT-SAINT-AIGNAN<\/p>\n<p>[\/et_pb_text][et_pb_divider color=&#8221;#f8b310&#8243; divider_weight=&#8221;7px&#8221; _builder_version=&#8221;4.23.1&#8243; _module_preset=&#8221;default&#8221; width=&#8221;23%&#8221; module_alignment=&#8221;center&#8221; global_colors_info=&#8221;{}&#8221;][\/et_pb_divider][\/et_pb_column][et_pb_column type=&#8221;1_4&#8243; _builder_version=&#8221;4.23.1&#8243; _module_preset=&#8221;default&#8221; global_colors_info=&#8221;{}&#8221;][\/et_pb_column][\/et_pb_row][et_pb_row column_structure=&#8221;1_3,2_3&#8243; _builder_version=&#8221;4.23.1&#8243; _module_preset=&#8221;default&#8221; custom_margin=&#8221;-21px|auto||auto||&#8221; global_colors_info=&#8221;{}&#8221;][et_pb_column type=&#8221;1_3&#8243; _builder_version=&#8221;4.23.1&#8243; _module_preset=&#8221;default&#8221; global_colors_info=&#8221;{}&#8221;][et_pb_image src=&#8221;https:\/\/horizons-sante-mentale.com\/wp-content\/uploads\/2023\/11\/A-pied-2.png&#8221; title_text=&#8221;A pied&#8221; _builder_version=&#8221;4.23.1&#8243; _module_preset=&#8221;default&#8221; global_colors_info=&#8221;{}&#8221;][\/et_pb_image][\/et_pb_column][et_pb_column type=&#8221;2_3&#8243; _builder_version=&#8221;4.23.1&#8243; _module_preset=&#8221;default&#8221; global_colors_info=&#8221;{}&#8221;][et_pb_map address=&#8221;1 Chem. de Cl\u00e8res, 76130 Mont-Saint-Aignan, France&#8221; address_lat=&#8221;49.457006&#8243; address_lng=&#8221;1.094757&#8243; _builder_version=&#8221;4.23.1&#8243; _module_preset=&#8221;default&#8221; global_colors_info=&#8221;{}&#8221;][\/et_pb_map][\/et_pb_column][\/et_pb_row][\/et_pb_section]<\/p>\n","protected":false},"excerpt":{"rendered":"<p>acc\u00e8s Au carrefour des communes de Rouen, Mont-Saint-Aignan et Bois-Guillaume, le Centre Horizons Sant\u00e9 Mentale se situe au deuxi\u00e8me \u00e9tage de la Maison de Sant\u00e9 du Champ des Oiseaux, 1 Chemin de Cl\u00e8res, \u00e0 Mont-Saint-Aignan. A seulement 15 minutes de marche de la gare de Rouen Rive Droite, il offre une accessibilit\u00e9 optimale, que ce [&hellip;]<\/p>\n","protected":false},"author":1,"featured_media":0,"parent":0,"menu_order":0,"comment_status":"closed","ping_status":"closed","template":"","meta":{"_et_pb_use_builder":"on","_et_pb_old_content":"<!-- wp:divi\/placeholder \/-->","_et_gb_content_width":"","footnotes":""},"class_list":["post-86","page","type-page","status-publish","hentry"],"_links":{"self":[{"href":"https:\/\/horizons-sante-mentale.com\/index.php\/wp-json\/wp\/v2\/pages\/86","targetHints":{"allow":["GET"]}}],"collection":[{"href":"https:\/\/horizons-sante-mentale.com\/index.php\/wp-json\/wp\/v2\/pages"}],"about":[{"href":"https:\/\/horizons-sante-mentale.com\/index.php\/wp-json\/wp\/v2\/types\/page"}],"author":[{"embeddable":true,"href":"https:\/\/horizons-sante-mentale.com\/index.php\/wp-json\/wp\/v2\/users\/1"}],"replies":[{"embeddable":true,"href":"https:\/\/horizons-sante-mentale.com\/index.php\/wp-json\/wp\/v2\/comments?post=86"}],"version-history":[{"count":26,"href":"https:\/\/horizons-sante-mentale.com\/index.php\/wp-json\/wp\/v2\/pages\/86\/revisions"}],"predecessor-version":[{"id":588,"href":"https:\/\/horizons-sante-mentale.com\/index.php\/wp-json\/wp\/v2\/pages\/86\/revisions\/588"}],"wp:attachment":[{"href":"https:\/\/horizons-sante-mentale.com\/index.php\/wp-json\/wp\/v2\/media?parent=86"}],"curies":[{"name":"wp","href":"https:\/\/api.w.org\/{rel}","templated":true}]}}