{"id":609,"date":"2024-02-25T15:25:48","date_gmt":"2024-02-25T14:25:48","guid":{"rendered":"https:\/\/horizons-sante-mentale.com\/?page_id=609"},"modified":"2024-02-25T17:11:46","modified_gmt":"2024-02-25T16:11:46","slug":"therapie-de-couple","status":"publish","type":"page","link":"https:\/\/horizons-sante-mentale.com\/index.php\/therapie-de-couple\/","title":{"rendered":"Th\u00e9rapie de couple"},"content":{"rendered":"<p>[et_pb_section fb_built=&#8221;1&#8243; _builder_version=&#8221;4.23.1&#8243; _module_preset=&#8221;default&#8221; custom_padding=&#8221;||0px|||&#8221; global_colors_info=&#8221;{}&#8221;][et_pb_row _builder_version=&#8221;4.23.1&#8243; _module_preset=&#8221;default&#8221; custom_margin=&#8221;-65px|auto||auto||&#8221; custom_padding=&#8221;||2px|||&#8221; global_colors_info=&#8221;{}&#8221;][et_pb_column type=&#8221;4_4&#8243; _builder_version=&#8221;4.16&#8243; _module_preset=&#8221;default&#8221; global_colors_info=&#8221;{}&#8221;][et_pb_text _builder_version=&#8221;4.23.1&#8243; _module_preset=&#8221;e598b17a-9229-42f6-b238-019d6094332e&#8221; header_font=&#8221;Outfit|600|||||||&#8221; header_text_color=&#8221;#000000&#8243; header_font_size=&#8221;72px&#8221; header_line_height=&#8221;1.1em&#8221; max_width=&#8221;861px&#8221; custom_margin=&#8221;||0px||false|false&#8221; header_font_size_tablet=&#8221;40px&#8221; header_font_size_phone=&#8221;24px&#8221; header_font_size_last_edited=&#8221;on|phone&#8221; locked=&#8221;off&#8221; global_colors_info=&#8221;{}&#8221;]<\/p>\n<h1>therapie de couple\u00a0<\/h1>\n<p>[\/et_pb_text][et_pb_divider color=&#8221;rgba(76,89,76,0.3)&#8221; divider_weight=&#8221;10px&#8221; _builder_version=&#8221;4.23.1&#8243; _module_preset=&#8221;a9fcc5b1-74c5-43b4-b776-3e310da5f3e8&#8243; z_index=&#8221;10&#8243; max_width=&#8221;260px&#8221; height=&#8221;10px&#8221; custom_margin=&#8221;-32px||30px||false|false&#8221; custom_margin_tablet=&#8221;-27px||||false|false&#8221; custom_margin_phone=&#8221;-18px||||false|false&#8221; custom_margin_last_edited=&#8221;on|phone&#8221; global_colors_info=&#8221;{}&#8221;][\/et_pb_divider][\/et_pb_column][\/et_pb_row][\/et_pb_section][et_pb_section fb_built=&#8221;1&#8243; _builder_version=&#8221;4.23.1&#8243; _module_preset=&#8221;default&#8221; custom_margin=&#8221;-12px|||||&#8221; custom_padding=&#8221;21px||14px|||&#8221; global_colors_info=&#8221;{}&#8221;][et_pb_row column_structure=&#8221;2_5,3_5&#8243; _builder_version=&#8221;4.23.1&#8243; _module_preset=&#8221;default&#8221; global_colors_info=&#8221;{}&#8221;][et_pb_column type=&#8221;2_5&#8243; _builder_version=&#8221;4.23.1&#8243; _module_preset=&#8221;default&#8221; global_colors_info=&#8221;{}&#8221;][et_pb_image src=&#8221;https:\/\/horizons-sante-mentale.com\/wp-content\/uploads\/2024\/02\/chess-pieces-7465249_640.jpg&#8221; title_text=&#8221;chess-pieces-7465249_640&#8243; _builder_version=&#8221;4.23.1&#8243; _module_preset=&#8221;default&#8221; custom_margin=&#8221;40px|||||&#8221; global_colors_info=&#8221;{}&#8221;][\/et_pb_image][\/et_pb_column][et_pb_column type=&#8221;3_5&#8243; _builder_version=&#8221;4.23.1&#8243; _module_preset=&#8221;default&#8221; global_colors_info=&#8221;{}&#8221;][et_pb_text _builder_version=&#8221;4.23.1&#8243; _module_preset=&#8221;default&#8221; global_colors_info=&#8221;{}&#8221;]<\/p>\n<p class=\"p1\"><b style=\"font-size: 14px;\">La th\u00e9rapie de couple est la solution dans un moment de crise. Parfois on ne sait plus qui l\u2019on est, ni o\u00f9 l\u2019on en est dans sa vie \u00e0 deux. Prendre soin des relations, permet de prendre soin de soi individuellement.<\/b><\/p>\n<p class=\"p1\">La d\u00e9marche de th\u00e9rapie en couple est souvent difficile.<\/p>\n<p class=\"p1\">Bien souvent la pudeur, la crainte, la honte, le sentiment d\u2019\u00e9chec de ne pas r\u00e9ussir \u00e0 se d\u00e9brouiller seuls repr\u00e9sentent des freins \u00e0 la demande d\u2019aide.<\/p>\n<p class=\"p1\">Exposer son intimit\u00e9 \u00e0 un tiers ext\u00e9rieur, tout professionnel qu\u2019il est, reste une d\u00e9marche embarrassante.<\/p>\n<p class=\"p1\">Par exp\u00e9rience, apr\u00e8s la premi\u00e8re s\u00e9ance, les couples sont soulag\u00e9s par le cadre de travail propos\u00e9, libres de s\u2019exprimer sans interruption, se sentant respect\u00e9s et \u00e9cout\u00e9s sans jugement du th\u00e9rapeute qui ne sera ni l\u2019arbitre ni le juge malgr\u00e9 les reproches. Ainsi, en confiance lors de la co-construction th\u00e9rapeutique,<span class=\"Apple-converted-space\">\u00a0 <\/span>les couples poursuivent et s\u2019engagent dans la th\u00e9rapie.<\/p>\n<p>[\/et_pb_text][\/et_pb_column][\/et_pb_row][et_pb_row column_structure=&#8221;2_3,1_3&#8243; _builder_version=&#8221;4.23.1&#8243; _module_preset=&#8221;default&#8221; global_colors_info=&#8221;{}&#8221;][et_pb_column type=&#8221;2_3&#8243; _builder_version=&#8221;4.23.1&#8243; _module_preset=&#8221;default&#8221; global_colors_info=&#8221;{}&#8221;][et_pb_text _builder_version=&#8221;4.23.1&#8243; _module_preset=&#8221;default&#8221; text_font_size=&#8221;15px&#8221; header_font_size=&#8221;50px&#8221; header_5_font=&#8221;Montserrat||||||||&#8221; header_5_font_size=&#8221;19px&#8221; global_colors_info=&#8221;{}&#8221;]<\/p>\n<h5><strong>Les diff\u00e9rents motifs de consultation<\/strong><\/h5>\n<p>[\/et_pb_text][et_pb_text _builder_version=&#8221;4.23.1&#8243; _module_preset=&#8221;default&#8221; global_colors_info=&#8221;{}&#8221;]<\/p>\n<ul class=\"ul1\">\n<li class=\"li1\"><span class=\"s1\"><\/span>Relation extraconjugale<\/li>\n<li class=\"li1\"><span class=\"s1\"><\/span>Difficult\u00e9s \u00e0 communiquer, difficult\u00e9s relationnelles g\u00e9n\u00e9rant une souffrance et\/ou des conflits(mutisme, disputes, violence relationnelle\u2026)<\/li>\n<li class=\"li1\"><span class=\"s1\"><\/span>Confrontation \u00e0 un \u00e9v\u00e8nement de vie traumatique (d\u00e9c\u00e8s, accident, maladie, s\u00e9paration&#8230;)<\/li>\n<li class=\"li1\"><span class=\"s1\"><\/span>Besoin de faire le point sur la poursuite ou non du couple, du fait d\u2019un sentiment d\u2019\u00e9loignement mutuel<\/li>\n<li class=\"li1\"><span class=\"s1\"><\/span>Jalousie et possessivit\u00e9<\/li>\n<li class=\"li1\"><span class=\"s1\"><\/span>Divergences \u00e9ducatives vis-\u00e0-vis des enfants<\/li>\n<li class=\"li1\"><span class=\"s1\"><\/span>P\u00e9riodes de transition dans la vie du couple (parentalit\u00e9\/d\u00e9part des enfants\/retraite\/ d\u00e9m\u00e9nagement\/ migration\u2026)<\/li>\n<li class=\"li1\"><span class=\"s1\"><\/span>Deuil\u00a0<\/li>\n<li class=\"li1\"><span class=\"s1\"><\/span>Recomposition familiale et<span class=\"Apple-converted-space\">\u00a0 <\/span>place de chacun\u00a0<\/li>\n<li class=\"li1\"><span class=\"s1\"><\/span>Pathologie<span class=\"Apple-converted-space\">\u00a0 <\/span>physique ou psychique<\/li>\n<li class=\"li1\"><span class=\"s1\"><\/span>M\u00e9sententes sexuelles<\/li>\n<\/ul>\n<p>[\/et_pb_text][\/et_pb_column][et_pb_column type=&#8221;1_3&#8243; _builder_version=&#8221;4.23.1&#8243; _module_preset=&#8221;default&#8221; global_colors_info=&#8221;{}&#8221;][et_pb_image src=&#8221;https:\/\/horizons-sante-mentale.com\/wp-content\/uploads\/2024\/02\/flowers-7937665_640.jpg&#8221; title_text=&#8221;flowers-7937665_640&#8243; _builder_version=&#8221;4.23.1&#8243; _module_preset=&#8221;default&#8221; custom_padding=&#8221;1px||0px|||&#8221; global_colors_info=&#8221;{}&#8221; custom_margin=&#8221;-34px|||||&#8221;][\/et_pb_image][\/et_pb_column][\/et_pb_row][et_pb_row _builder_version=&#8221;4.23.1&#8243; _module_preset=&#8221;default&#8221; global_colors_info=&#8221;{}&#8221;][et_pb_column type=&#8221;4_4&#8243; _builder_version=&#8221;4.23.1&#8243; _module_preset=&#8221;default&#8221; global_colors_info=&#8221;{}&#8221;][et_pb_text _builder_version=&#8221;4.23.1&#8243; _module_preset=&#8221;default&#8221; text_font=&#8221;|||||on|||&#8221; text_font_size=&#8221;19px&#8221; global_colors_info=&#8221;{}&#8221;]<\/p>\n<p class=\"p1\">Les s\u00e9ances de th\u00e9rapie de couple durent environ 1h. Leur fr\u00e9quence est \u00e0 d\u00e9terminer ensemble selon les besoins.<\/p>\n<p>[\/et_pb_text][\/et_pb_column][\/et_pb_row][\/et_pb_section][et_pb_section fb_built=&#8221;1&#8243; specialty=&#8221;on&#8221; _builder_version=&#8221;4.23.1&#8243; _module_preset=&#8221;default&#8221; background_color=&#8221;gcid-ee89fd9f-afc5-4939-817c-0a17ac90288c&#8221; hover_enabled=&#8221;0&#8243; global_colors_info=&#8221;{%22gcid-ee89fd9f-afc5-4939-817c-0a17ac90288c%22:%91%22background_color%22%93}&#8221; theme_builder_area=&#8221;post_content&#8221; background_enable_image=&#8221;off&#8221; sticky_enabled=&#8221;0&#8243;][et_pb_column type=&#8221;2_3&#8243; specialty_columns=&#8221;2&#8243; _builder_version=&#8221;4.16&#8243; custom_padding=&#8221;|||&#8221; global_colors_info=&#8221;{}&#8221; custom_padding__hover=&#8221;|||&#8221; theme_builder_area=&#8221;post_content&#8221;][et_pb_row_inner _builder_version=&#8221;4.23.1&#8243; _module_preset=&#8221;default&#8221; custom_margin=&#8221;-26px|||||&#8221; global_colors_info=&#8221;{}&#8221; theme_builder_area=&#8221;post_content&#8221;][et_pb_column_inner saved_specialty_column_type=&#8221;2_3&#8243; _builder_version=&#8221;4.23.1&#8243; _module_preset=&#8221;default&#8221; global_colors_info=&#8221;{}&#8221; theme_builder_area=&#8221;post_content&#8221;][et_pb_text _builder_version=&#8221;4.23.1&#8243; _module_preset=&#8221;e598b17a-9229-42f6-b238-019d6094332e&#8221; header_font=&#8221;Outfit|600|||||||&#8221; header_text_color=&#8221;#000000&#8243; header_font_size=&#8221;42px&#8221; header_line_height=&#8221;1.1em&#8221; max_width=&#8221;861px&#8221; custom_margin=&#8221;-22px||0px||false|false&#8221; custom_padding=&#8221;||28px|||&#8221; header_font_size_tablet=&#8221;40px&#8221; header_font_size_phone=&#8221;24px&#8221; header_font_size_last_edited=&#8221;on|phone&#8221; header_text_shadow_style=&#8221;preset2&#8243; header_text_shadow_color=&#8221;gcid-a13652f3-2793-4cb6-9d99-526eb1549d6a&#8221; locked=&#8221;off&#8221; global_colors_info=&#8221;{%22gcid-a13652f3-2793-4cb6-9d99-526eb1549d6a%22:%91%22header_text_shadow_color%22%93}&#8221; theme_builder_area=&#8221;post_content&#8221;]<\/p>\n<h1>Prendre rdv<\/h1>\n<p>[\/et_pb_text][et_pb_blurb title=&#8221;Remplir le Formulaire suivant&#8221; image=&#8221;https:\/\/horizons-sante-mentale.com\/wp-content\/uploads\/2023\/11\/1.png&#8221; icon_placement=&#8221;left&#8221; image_icon_width=&#8221;64px&#8221; content_max_width=&#8221;1100px&#8221; _builder_version=&#8221;4.23.1&#8243; header_font=&#8221;Rubik|700|||||||&#8221; header_text_color=&#8221;#2a2a2a&#8221; header_line_height=&#8221;1.4em&#8221; body_font=&#8221;||||||||&#8221; body_text_color=&#8221;rgba(0,0,0,0.76)&#8221; body_font_size=&#8221;15px&#8221; background_layout=&#8221;dark&#8221; custom_margin=&#8221;|||&#8221; custom_padding=&#8221;|||&#8221; animation_style=&#8221;slide&#8221; animation_direction=&#8221;right&#8221; animation_intensity_slide=&#8221;10%&#8221; animation=&#8221;off&#8221; image_max_width=&#8221;64px&#8221; global_colors_info=&#8221;{}&#8221; theme_builder_area=&#8221;post_content&#8221;]<\/p>\n<p>Commencez par compl\u00e9ter le formulaire de demande de rendez-vous. Assurez-vous de renseigner toutes les informations requises avec pr\u00e9cision pour nous permettre de comprendre au mieux votre situation et vos besoins.<\/p>\n<p>[\/et_pb_blurb][et_pb_button button_url=&#8221;https:\/\/drive.google.com\/file\/d\/1vfcLTdPp4eCVCN7VyBbqtSwc1WtnvkU_\/view?usp=drive_link&#8221; button_text=&#8221;t\u00e9l\u00e9charger le formulaire&#8221; button_alignment=&#8221;center&#8221; _builder_version=&#8221;4.23.1&#8243; custom_button=&#8221;on&#8221; button_text_size=&#8221;15px&#8221; button_text_color=&#8221;gcid-a13652f3-2793-4cb6-9d99-526eb1549d6a&#8221; button_bg_color=&#8221;#FFFFFF&#8221; button_border_width=&#8221;2px&#8221; button_border_color=&#8221;gcid-a13652f3-2793-4cb6-9d99-526eb1549d6a&#8221; button_border_radius=&#8221;100px&#8221; button_letter_spacing=&#8221;2px&#8221; button_font=&#8221;Montserrat|700||on|||||&#8221; custom_margin=&#8221;|||0px|false|false&#8221; custom_padding=&#8221;6px|25px|6px|25px|true|true&#8221; hover_enabled=&#8221;0&#8243; button_letter_spacing_hover=&#8221;2px&#8221; global_colors_info=&#8221;{%22gcid-a13652f3-2793-4cb6-9d99-526eb1549d6a%22:%91%22button_text_color%22,%22button_border_color%22%93}&#8221; button_text_size__hover_enabled=&#8221;off&#8221; button_one_text_size__hover_enabled=&#8221;off&#8221; button_two_text_size__hover_enabled=&#8221;off&#8221; button_text_color__hover_enabled=&#8221;off&#8221; button_one_text_color__hover_enabled=&#8221;off&#8221; button_two_text_color__hover_enabled=&#8221;off&#8221; button_border_width__hover_enabled=&#8221;off&#8221; button_one_border_width__hover_enabled=&#8221;off&#8221; button_two_border_width__hover_enabled=&#8221;off&#8221; button_border_color__hover_enabled=&#8221;off&#8221; button_one_border_color__hover_enabled=&#8221;off&#8221; button_two_border_color__hover_enabled=&#8221;off&#8221; button_border_radius__hover_enabled=&#8221;off&#8221; button_one_border_radius__hover_enabled=&#8221;off&#8221; button_two_border_radius__hover_enabled=&#8221;off&#8221; button_letter_spacing__hover_enabled=&#8221;on&#8221; button_letter_spacing__hover=&#8221;2px&#8221; button_one_letter_spacing__hover_enabled=&#8221;off&#8221; button_two_letter_spacing__hover_enabled=&#8221;off&#8221; button_bg_color__hover_enabled=&#8221;off&#8221; button_one_bg_color__hover_enabled=&#8221;off&#8221; button_two_bg_color__hover_enabled=&#8221;off&#8221; theme_builder_area=&#8221;post_content&#8221; sticky_enabled=&#8221;0&#8243;][\/et_pb_button][et_pb_blurb title=&#8221;Nous r\u00e9adresser le formulaire par email&#8221; image=&#8221;https:\/\/horizons-sante-mentale.com\/wp-content\/uploads\/2023\/11\/2.png&#8221; icon_placement=&#8221;left&#8221; image_icon_width=&#8221;64px&#8221; content_max_width=&#8221;1100px&#8221; _builder_version=&#8221;4.23.1&#8243; header_font=&#8221;Rubik|700|||||||&#8221; header_text_color=&#8221;#2a2a2a&#8221; header_line_height=&#8221;1.4em&#8221; body_font=&#8221;||||||||&#8221; body_text_color=&#8221;rgba(0,0,0,0.76)&#8221; body_font_size=&#8221;15px&#8221; background_layout=&#8221;dark&#8221; custom_margin=&#8221;29px|||||&#8221; custom_padding=&#8221;|||&#8221; animation_style=&#8221;slide&#8221; animation_direction=&#8221;right&#8221; animation_intensity_slide=&#8221;10%&#8221; animation=&#8221;off&#8221; image_max_width=&#8221;64px&#8221; global_colors_info=&#8221;{}&#8221; theme_builder_area=&#8221;post_content&#8221;]<\/p>\n<p>Veuillez transmettre le formulaire compl\u00e9t\u00e9 aux adresses \u00e9lectronique suivantes<br \/><strong><a href=\"mailto:delphine.cezarine@horizons-sante.fr\">delphine.cezarine@horizons-sante.fr<\/a> et <a href=\"mailto:secretariat@horizons-sante.fr\">secretariat@horizons-sante.fr<\/a><\/strong><\/p>\n<p><strong><\/strong><\/p>\n<p>[\/et_pb_blurb][et_pb_blurb image=&#8221;https:\/\/horizons-sante-mentale.com\/wp-content\/uploads\/2023\/11\/3.png&#8221; icon_placement=&#8221;left&#8221; image_icon_width=&#8221;64px&#8221; content_max_width=&#8221;1100px&#8221; content_max_width_tablet=&#8221;1100px&#8221; content_max_width_last_edited=&#8221;off|desktop&#8221; _builder_version=&#8221;4.23.1&#8243; header_font=&#8221;Rubik|700|||||||&#8221; header_text_color=&#8221;#2a2a2a&#8221; header_line_height=&#8221;1.4em&#8221; body_font=&#8221;||||||||&#8221; body_font_size=&#8221;15px&#8221; background_layout=&#8221;dark&#8221; custom_margin=&#8221;30px|||||&#8221; custom_padding=&#8221;|||&#8221; animation_style=&#8221;slide&#8221; animation_direction=&#8221;right&#8221; animation_intensity_slide=&#8221;10%&#8221; animation=&#8221;off&#8221; image_max_width=&#8221;64px&#8221; global_colors_info=&#8221;{}&#8221; theme_builder_area=&#8221;post_content&#8221; min_height=&#8221;85.4px&#8221;]<\/p>\n<p><span style=\"color: #000000;\">Une fois ces \u00e9tapes compl\u00e9t\u00e9es, Mme Charlotte Lievy, assistante m\u00e9dicale, ou Mmme Delphine C\u00e9zarine, th\u00e9rapeute familiale, reviendra vers vous<br \/>dans les plus brefs d\u00e9lais pour vous proposer un rendez-vous.<\/span><\/p>\n<p>[\/et_pb_blurb][\/et_pb_column_inner][\/et_pb_row_inner][\/et_pb_column][et_pb_column type=&#8221;1_3&#8243; _builder_version=&#8221;4.16&#8243; custom_padding=&#8221;|||&#8221; global_colors_info=&#8221;{}&#8221; custom_padding__hover=&#8221;|||&#8221; theme_builder_area=&#8221;post_content&#8221;][et_pb_image src=&#8221;https:\/\/horizons-sante-mentale.com\/wp-content\/uploads\/2023\/11\/00.png&#8221; _builder_version=&#8221;4.23.1&#8243; _module_preset=&#8221;default&#8221; theme_builder_area=&#8221;post_content&#8221; title_text=&#8221;00&#8243; hover_enabled=&#8221;0&#8243; sticky_enabled=&#8221;0&#8243; custom_padding=&#8221;65px|||||&#8221;][\/et_pb_image][\/et_pb_column][\/et_pb_section]<\/p>\n","protected":false},"excerpt":{"rendered":"<p>therapie de couple\u00a0La th\u00e9rapie de couple est la solution dans un moment de crise. Parfois on ne sait plus qui l\u2019on est, ni o\u00f9 l\u2019on en est dans sa vie \u00e0 deux. Prendre soin des relations, permet de prendre soin de soi individuellement. La d\u00e9marche de th\u00e9rapie en couple est souvent difficile. Bien souvent la [&hellip;]<\/p>\n","protected":false},"author":1,"featured_media":0,"parent":0,"menu_order":0,"comment_status":"closed","ping_status":"closed","template":"","meta":{"_et_pb_use_builder":"on","_et_pb_old_content":"","_et_gb_content_width":"","footnotes":""},"class_list":["post-609","page","type-page","status-publish","hentry"],"_links":{"self":[{"href":"https:\/\/horizons-sante-mentale.com\/index.php\/wp-json\/wp\/v2\/pages\/609","targetHints":{"allow":["GET"]}}],"collection":[{"href":"https:\/\/horizons-sante-mentale.com\/index.php\/wp-json\/wp\/v2\/pages"}],"about":[{"href":"https:\/\/horizons-sante-mentale.com\/index.php\/wp-json\/wp\/v2\/types\/page"}],"author":[{"embeddable":true,"href":"https:\/\/horizons-sante-mentale.com\/index.php\/wp-json\/wp\/v2\/users\/1"}],"replies":[{"embeddable":true,"href":"https:\/\/horizons-sante-mentale.com\/index.php\/wp-json\/wp\/v2\/comments?post=609"}],"version-history":[{"count":7,"href":"https:\/\/horizons-sante-mentale.com\/index.php\/wp-json\/wp\/v2\/pages\/609\/revisions"}],"predecessor-version":[{"id":647,"href":"https:\/\/horizons-sante-mentale.com\/index.php\/wp-json\/wp\/v2\/pages\/609\/revisions\/647"}],"wp:attachment":[{"href":"https:\/\/horizons-sante-mentale.com\/index.php\/wp-json\/wp\/v2\/media?parent=609"}],"curies":[{"name":"wp","href":"https:\/\/api.w.org\/{rel}","templated":true}]}}