{"id":60,"date":"2023-11-09T19:50:51","date_gmt":"2023-11-09T18:50:51","guid":{"rendered":"http:\/\/horizons-sante-mentale.com\/?page_id=60"},"modified":"2023-11-16T21:30:47","modified_gmt":"2023-11-16T20:30:47","slug":"faq","status":"publish","type":"page","link":"https:\/\/horizons-sante-mentale.com\/index.php\/faq\/","title":{"rendered":"FAQ"},"content":{"rendered":"<p>[et_pb_section fb_built=&#8221;1&#8243; _builder_version=&#8221;4.23.1&#8243; _module_preset=&#8221;default&#8221; custom_margin=&#8221;0px||0px||true|false&#8221; custom_padding=&#8221;0px||0px||true|false&#8221; global_colors_info=&#8221;{}&#8221;][et_pb_row _builder_version=&#8221;4.23.1&#8243; _module_preset=&#8221;default&#8221; global_colors_info=&#8221;{}&#8221;][et_pb_column type=&#8221;4_4&#8243; _builder_version=&#8221;4.16&#8243; _module_preset=&#8221;default&#8221; global_colors_info=&#8221;{}&#8221;][et_pb_text _builder_version=&#8221;4.23.1&#8243; _module_preset=&#8221;e598b17a-9229-42f6-b238-019d6094332e&#8221; header_font=&#8221;Outfit|600|||||||&#8221; header_text_color=&#8221;#000000&#8243; header_font_size=&#8221;72px&#8221; header_line_height=&#8221;1.1em&#8221; max_width=&#8221;800px&#8221; custom_margin=&#8221;||0px||false|false&#8221; header_font_size_tablet=&#8221;40px&#8221; header_font_size_phone=&#8221;24px&#8221; header_font_size_last_edited=&#8221;on|phone&#8221; locked=&#8221;off&#8221; global_colors_info=&#8221;{}&#8221;]<\/p>\n<h1>FAQ<\/h1>\n<p>[\/et_pb_text][et_pb_divider color=&#8221;rgba(76,89,76,0.3)&#8221; divider_weight=&#8221;10px&#8221; _builder_version=&#8221;4.23.1&#8243; _module_preset=&#8221;a9fcc5b1-74c5-43b4-b776-3e310da5f3e8&#8243; z_index=&#8221;10&#8243; max_width=&#8221;159px&#8221; height=&#8221;10px&#8221; custom_margin=&#8221;-32px||30px||false|false&#8221; custom_margin_tablet=&#8221;-27px||||false|false&#8221; custom_margin_phone=&#8221;-18px||||false|false&#8221; custom_margin_last_edited=&#8221;on|phone&#8221; global_colors_info=&#8221;{}&#8221;][\/et_pb_divider][\/et_pb_column][\/et_pb_row][\/et_pb_section][et_pb_section fb_built=&#8221;1&#8243; prev_background_color=&#8221;#ffffff&#8221; admin_label=&#8221;FAQ&#8221; _builder_version=&#8221;4.23.1&#8243; _module_preset=&#8221;default&#8221; background_color=&#8221;gcid-fc7b31e8-94d8-4560-b647-c33fa43cc805&#8243; width_tablet=&#8221;80%&#8221; width_phone=&#8221;80%&#8221; width_last_edited=&#8221;on|tablet&#8221; custom_margin=&#8221;0px|0px|0px|0px|false|true&#8221; top_divider_style=&#8221;curve&#8221; top_divider_height=&#8221;2.5vw&#8221; module_alignment_tablet=&#8221;center&#8221; module_alignment_phone=&#8221;center&#8221; module_alignment_last_edited=&#8221;on|desktop&#8221; border_radii=&#8221;on|10px|10px|10px|10px&#8221; locked=&#8221;off&#8221; collapsed=&#8221;off&#8221; global_colors_info=&#8221;{%22gcid-fc7b31e8-94d8-4560-b647-c33fa43cc805%22:%91%22background_color%22%93}&#8221;][et_pb_row _builder_version=&#8221;4.23.1&#8243; _module_preset=&#8221;default&#8221; global_colors_info=&#8221;{}&#8221;][et_pb_column type=&#8221;4_4&#8243; _builder_version=&#8221;4.23.1&#8243; _module_preset=&#8221;default&#8221; global_colors_info=&#8221;{}&#8221;][et_pb_accordion toggle_icon=&#8221;&#xf067;||fa||900&#8243; _builder_version=&#8221;4.23.1&#8243; _module_preset=&#8221;094d888d-cba9-4b63-bcb6-52c2a29324ca&#8221; body_text_align=&#8221;justify&#8221; text_orientation=&#8221;left&#8221; custom_padding=&#8221;8px||||false|false&#8221; hover_enabled=&#8221;0&#8243; border_radii=&#8221;on|15px|15px|15px|15px&#8221; locked=&#8221;off&#8221; global_colors_info=&#8221;{}&#8221; sticky_enabled=&#8221;0&#8243; border_width_all=&#8221;2px&#8221; border_color_all=&#8221;#000000&#8243;][et_pb_accordion_item title=&#8221;Combien de temps dure une consultation ? &#8221; _builder_version=&#8221;4.23.1&#8243; _module_preset=&#8221;default&#8221; global_colors_info=&#8221;{}&#8221; open=&#8221;off&#8221;]<\/p>\n<p>La dur\u00e9e moyenne d\u2019une consultation est de 45 minutes. Cependant, en fonction de la sp\u00e9cificit\u00e9 de la situation et des besoins du patient, la dur\u00e9e de consultation peut varier. Chaque rendez-vous est adapt\u00e9 pour offrir un espace d\u2019\u00e9change optimal et r\u00e9pondre au mieux aux pr\u00e9occupations du patient.<\/p>\n<p>[\/et_pb_accordion_item][et_pb_accordion_item title=&#8221;Faut-il forc\u00e9ment un courrier d\u2019adressage d\u2019un m\u00e9decin pour consulter ? &#8221; _builder_version=&#8221;4.23.1&#8243; _module_preset=&#8221;default&#8221; global_colors_info=&#8221;{}&#8221; open=&#8221;off&#8221;]<\/p>\n<p>Le psychiatre est un m\u00e9decin sp\u00e9cialiste reconnu dans le cadre du parcours de soins. Vous pouvez donc le consulter directement, sans \u00eatre adress\u00e9 par votre m\u00e9decin traitant.<\/p>\n<p>Toutefois, bien qu\u2019il ne soit pas obligatoire, le courrier d\u2019adressage est recommand\u00e9. Il nous permet d\u2019avoir un aper\u00e7u de la situation m\u00e9dicale, et de contribuer \u00e0 une meilleure pr\u00e9paration pour votre premi\u00e8re consultation.<\/p>\n<p>[\/et_pb_accordion_item][et_pb_accordion_item title=&#8221;Comment prendre rendez-vous? &#8221; open=&#8221;on&#8221; _builder_version=&#8221;4.23.1&#8243; _module_preset=&#8221;default&#8221; global_colors_info=&#8221;{}&#8221;]<\/p>\n<p>Pour prendre rendez-vous, il vous suffit de remplir le formulaire disponible dans l&#8217;onglet &#8220;Demande de rendez-vous&#8221; et de le renvoyer par mail \u00e0 l&#8217;adresse indiqu\u00e9e. Une fois la demande re\u00e7ue, elle sera trait\u00e9e par notre assistante qui vous contactera dans les plus brefs d\u00e9lais.<\/p>\n<p>[\/et_pb_accordion_item][et_pb_accordion_item title=&#8221;Nous appr\u00e9hendons le premier rendez-vous. Ca se passe comment? &#8221; _builder_version=&#8221;4.23.1&#8243; _module_preset=&#8221;default&#8221; hover_enabled=&#8221;0&#8243; sticky_enabled=&#8221;0&#8243;]<\/p>\n<p>Le bilan initial se d\u00e9roule toujours en deux temps.<br \/>&#8211; Si le patient est \u00e2g\u00e9 de moins de 13 ans, une premi\u00e8re consultation sera programm\u00e9e en pr\u00e9sence des parents seuls, puis une seconde consultation aura lieu en pr\u00e9sence de l&#8217;enfant.<br \/>&#8211; Si le patient est \u00e2g\u00e9 de 13 ans ou plus, une premi\u00e8re consultation sera programm\u00e9e avec le patient seul, puis une seconde consultation familale sera organis\u00e9e en pr\u00e9sence de l&#8217;adolescent et de ses parents.<\/p>\n<p>Il s&#8217;agit dans tous les cas d&#8217;un temps d&#8217;\u00e9change, d&#8217;\u00e9coute, sans jugement. Il n&#8217;y a pas de bonnes ou mauvaises r\u00e9ponses, nos m\u00e9decins sont l\u00e0 pour vous accompagner, vous et vos proches.\u00a0<\/p>\n<p>[\/et_pb_accordion_item][et_pb_accordion_item title=&#8221;Comment se passe la prise de rendez-vous apr\u00e8s la premi\u00e8re consultation ? &#8221; _builder_version=&#8221;4.23.1&#8243; _module_preset=&#8221;default&#8221; global_colors_info=&#8221;{}&#8221; open=&#8221;off&#8221;]<\/p>\n<p>Une fois la premi\u00e8re consultation effectu\u00e9e, la gestion de vos rendez-vous est facilit\u00e9e gr\u00e2ce \u00e0 Doctolib. La fr\u00e9quence des consultations sera discut\u00e9e avec votre m\u00e9decin lors de votre rendez-vous initial, et r\u00e9\u00e9valu\u00e9e r\u00e9guli\u00e8rement afin d\u2019\u00eatre adapt\u00e9e \u00e0 vos besoin.<\/p>\n<p>[\/et_pb_accordion_item][et_pb_accordion_item title=&#8221;Quelle diff\u00e9rence y a-t-il entre psychologue et psychiatre ? &#8221; _builder_version=&#8221;4.23.1&#8243; _module_preset=&#8221;default&#8221; global_colors_info=&#8221;{}&#8221; open=&#8221;off&#8221;]<\/p>\n<p>La principale diff\u00e9rence entre un psychologue et un psychiatre r\u00e9side dans leur formation et leurs comp\u00e9tences. Un psychiatre de l\u2019enfant et de l\u2019adolescent a suivi une formation m\u00e9dicale (doctorat, 10 ans d\u2019\u00e9tudes), lui permettant de diagnostiquer, traiter mais \u00e9galement prescrire un traitement m\u00e9dicamenteux. Un psychologue, de son c\u00f4t\u00e9, a suivi une formation universitaire en psychologie (master, 5 ans d\u2019\u00e9tudes), se sp\u00e9cialisant dans l\u2019\u00e9valuation et la mise en place d\u2019interventions th\u00e9rapeutiques, souvent sous forme de psychoth\u00e9rapie. Tandis que le psychiatre a une approche m\u00e9dicale des probl\u00e9matiques psychiatriques, le psychologue adopte une approche centr\u00e9e sur les processus psychologiques et comportementaux.<\/p>\n<p>[\/et_pb_accordion_item][et_pb_accordion_item title=&#8221;Les m\u00e9decins du centre Horizons Sant\u00e9 Mentale sont \u00e9galement psychoth\u00e9rapeutes. Qu\u2019est-ce que cela signifie ? &#8221; _builder_version=&#8221;4.23.1&#8243; _module_preset=&#8221;default&#8221; global_colors_info=&#8221;{}&#8221; open=&#8221;off&#8221;]<\/p>\n<p>Nos praticiens poss\u00e8dent \u00e9galement une formation et des comp\u00e9tences en psychoth\u00e9rapie, afin de comprendre et accompagner les probl\u00e9matiques de sant\u00e9 mentale au travers d\u2019entretiens th\u00e9rapeutiques. Cela leur permet d\u2019adopter une approche int\u00e9grative du soin, combinant si n\u00e9cessaire traitement psychoth\u00e9rapeutique et m\u00e9dicamenteux pour offrir le meilleur accompagnement possible.<\/p>\n<p>[\/et_pb_accordion_item][et_pb_accordion_item title=&#8221;Est-ce que j\u2019aurai (ou mon enfant aura) syst\u00e9matiquement un traitement m\u00e9dicamenteux?&#8221; _builder_version=&#8221;4.23.1&#8243; _module_preset=&#8221;default&#8221; global_colors_info=&#8221;{}&#8221; open=&#8221;off&#8221;]<\/p>\n<p>Absolument pas. Bien que les psychiatres soient habilit\u00e9s \u00e0 prescrire des traitements, notre approche est de privil\u00e9gier, autant que possible, les m\u00e9thodes non m\u00e9dicamenteuses (psychoth\u00e9rapies individuelles et\/ou de groupe, approche globale avec soutien aux aidants, r\u00e9\u00e9ducation\u2026). La prescription d\u2019un traitement psychotrope se fait toujours apr\u00e8s accord des parents pour un patient mineur, et apr\u00e8s \u00e9valuation minutieuse de la balance b\u00e9n\u00e9fiques-risques.<\/p>\n<p>[\/et_pb_accordion_item][\/et_pb_accordion][\/et_pb_column][\/et_pb_row][\/et_pb_section]<\/p>\n","protected":false},"excerpt":{"rendered":"<p>FAQLa dur\u00e9e moyenne d\u2019une consultation est de 45 minutes. Cependant, en fonction de la sp\u00e9cificit\u00e9 de la situation et des besoins du patient, la dur\u00e9e de consultation peut varier. Chaque rendez-vous est adapt\u00e9 pour offrir un espace d\u2019\u00e9change optimal et r\u00e9pondre au mieux aux pr\u00e9occupations du patient.Le psychiatre est un m\u00e9decin sp\u00e9cialiste reconnu dans le [&hellip;]<\/p>\n","protected":false},"author":1,"featured_media":0,"parent":0,"menu_order":0,"comment_status":"closed","ping_status":"closed","template":"","meta":{"_et_pb_use_builder":"on","_et_pb_old_content":"<!-- wp:divi\/placeholder \/-->","_et_gb_content_width":"","footnotes":""},"class_list":["post-60","page","type-page","status-publish","hentry"],"_links":{"self":[{"href":"https:\/\/horizons-sante-mentale.com\/index.php\/wp-json\/wp\/v2\/pages\/60","targetHints":{"allow":["GET"]}}],"collection":[{"href":"https:\/\/horizons-sante-mentale.com\/index.php\/wp-json\/wp\/v2\/pages"}],"about":[{"href":"https:\/\/horizons-sante-mentale.com\/index.php\/wp-json\/wp\/v2\/types\/page"}],"author":[{"embeddable":true,"href":"https:\/\/horizons-sante-mentale.com\/index.php\/wp-json\/wp\/v2\/users\/1"}],"replies":[{"embeddable":true,"href":"https:\/\/horizons-sante-mentale.com\/index.php\/wp-json\/wp\/v2\/comments?post=60"}],"version-history":[{"count":13,"href":"https:\/\/horizons-sante-mentale.com\/index.php\/wp-json\/wp\/v2\/pages\/60\/revisions"}],"predecessor-version":[{"id":530,"href":"https:\/\/horizons-sante-mentale.com\/index.php\/wp-json\/wp\/v2\/pages\/60\/revisions\/530"}],"wp:attachment":[{"href":"https:\/\/horizons-sante-mentale.com\/index.php\/wp-json\/wp\/v2\/media?parent=60"}],"curies":[{"name":"wp","href":"https:\/\/api.w.org\/{rel}","templated":true}]}}