{"id":52,"date":"2023-11-09T19:49:23","date_gmt":"2023-11-09T18:49:23","guid":{"rendered":"http:\/\/horizons-sante-mentale.com\/?page_id=52"},"modified":"2023-11-16T16:47:24","modified_gmt":"2023-11-16T15:47:24","slug":"soins-proposes","status":"publish","type":"page","link":"https:\/\/horizons-sante-mentale.com\/index.php\/soins-proposes\/","title":{"rendered":"Nos diff\u00e9rentes consultations"},"content":{"rendered":"<p>[et_pb_section fb_built=&#8221;1&#8243; admin_label=&#8221;section&#8221; _builder_version=&#8221;4.23.1&#8243; custom_padding=&#8221;0px||0px||false|false&#8221; hover_enabled=&#8221;0&#8243; global_colors_info=&#8221;{}&#8221; bottom_divider_style=&#8221;curve&#8221; sticky_enabled=&#8221;0&#8243; bottom_divider_height=&#8221;2.5vw&#8221; bottom_divider_color=&#8221;#F6F6F6&#8243;][et_pb_row _builder_version=&#8221;4.23.1&#8243; _module_preset=&#8221;default&#8221; global_colors_info=&#8221;{}&#8221;][et_pb_column type=&#8221;4_4&#8243; _builder_version=&#8221;4.16&#8243; _module_preset=&#8221;default&#8221; global_colors_info=&#8221;{}&#8221;][et_pb_text _builder_version=&#8221;4.23.1&#8243; _module_preset=&#8221;e598b17a-9229-42f6-b238-019d6094332e&#8221; header_font=&#8221;Outfit|600|||||||&#8221; header_text_color=&#8221;#000000&#8243; header_font_size=&#8221;72px&#8221; header_line_height=&#8221;1.1em&#8221; max_width=&#8221;800px&#8221; custom_margin=&#8221;||0px||false|false&#8221; header_font_size_tablet=&#8221;40px&#8221; header_font_size_phone=&#8221;24px&#8221; header_font_size_last_edited=&#8221;on|phone&#8221; locked=&#8221;off&#8221; global_colors_info=&#8221;{}&#8221;]<\/p>\n<h1>nos diff\u00e9rentes consultations<\/h1>\n<p>[\/et_pb_text][et_pb_divider color=&#8221;rgba(76,89,76,0.3)&#8221; divider_weight=&#8221;10px&#8221; _builder_version=&#8221;4.23.1&#8243; _module_preset=&#8221;a9fcc5b1-74c5-43b4-b776-3e310da5f3e8&#8243; z_index=&#8221;10&#8243; max_width=&#8221;260px&#8221; height=&#8221;10px&#8221; custom_margin=&#8221;-32px||30px||false|false&#8221; custom_margin_tablet=&#8221;-27px||||false|false&#8221; custom_margin_phone=&#8221;-18px||||false|false&#8221; custom_margin_last_edited=&#8221;on|phone&#8221; global_colors_info=&#8221;{}&#8221;][\/et_pb_divider][\/et_pb_column][\/et_pb_row][\/et_pb_section][et_pb_section fb_built=&#8221;1&#8243; next_background_color=&#8221;#ffffff&#8221; admin_label=&#8221;Services&#8221; _builder_version=&#8221;4.23.1&#8243; background_color=&#8221;#f6f6f6&#8243; custom_padding=&#8221;6px|||||&#8221; bottom_divider_style=&#8221;curve&#8221; bottom_divider_height=&#8221;2.5vw&#8221; bottom_divider_flip=&#8221;vertical&#8221; global_colors_info=&#8221;{}&#8221; theme_builder_area=&#8221;post_content&#8221;][et_pb_row _builder_version=&#8221;4.23.1&#8243; _module_preset=&#8221;default&#8221; column_structure=&#8221;1_3,1_3,1_3&#8243; theme_builder_area=&#8221;post_content&#8221; hover_enabled=&#8221;0&#8243; sticky_enabled=&#8221;0&#8243;][et_pb_column _builder_version=&#8221;4.23.1&#8243; _module_preset=&#8221;default&#8221; type=&#8221;1_3&#8243; theme_builder_area=&#8221;post_content&#8221;][\/et_pb_column][et_pb_column _builder_version=&#8221;4.23.1&#8243; _module_preset=&#8221;default&#8221; type=&#8221;1_3&#8243; theme_builder_area=&#8221;post_content&#8221;][et_pb_button button_text=&#8221;PRENDRE RENDEZ-VOUS&#8221; button_alignment=&#8221;center&#8221; _builder_version=&#8221;4.23.1&#8243; custom_button=&#8221;on&#8221; button_text_size=&#8221;15px&#8221; button_text_color=&#8221;#FC8E4F&#8221; button_bg_color=&#8221;#FFFFFF&#8221; button_border_width=&#8221;2px&#8221; button_border_color=&#8221;#FC8E4F&#8221; button_border_radius=&#8221;100px&#8221; button_letter_spacing=&#8221;2px&#8221; button_font=&#8221;Montserrat|700||on|||||&#8221; button_icon_color=&#8221;#FC8E4F&#8221; custom_margin=&#8221;|||0px|false|false&#8221; custom_padding=&#8221;6px|25px|6px|25px|true|true&#8221; hover_enabled=&#8221;0&#8243; box_shadow_style=&#8221;preset4&#8243; box_shadow_horizontal=&#8221;4px&#8221; box_shadow_vertical=&#8221;5px&#8221; box_shadow_blur=&#8221;4px&#8221; box_shadow_color=&#8221;rgba(252,142,79,0.3)&#8221; button_letter_spacing_hover=&#8221;2px&#8221; global_colors_info=&#8221;{}&#8221; button_text_size__hover_enabled=&#8221;off&#8221; button_one_text_size__hover_enabled=&#8221;off&#8221; button_two_text_size__hover_enabled=&#8221;off&#8221; button_text_color__hover_enabled=&#8221;off&#8221; button_one_text_color__hover_enabled=&#8221;off&#8221; button_two_text_color__hover_enabled=&#8221;off&#8221; button_border_width__hover_enabled=&#8221;off&#8221; button_one_border_width__hover_enabled=&#8221;off&#8221; button_two_border_width__hover_enabled=&#8221;off&#8221; button_border_color__hover_enabled=&#8221;off&#8221; button_one_border_color__hover_enabled=&#8221;off&#8221; button_two_border_color__hover_enabled=&#8221;off&#8221; button_border_radius__hover_enabled=&#8221;off&#8221; button_one_border_radius__hover_enabled=&#8221;off&#8221; button_two_border_radius__hover_enabled=&#8221;off&#8221; button_letter_spacing__hover_enabled=&#8221;on&#8221; button_letter_spacing__hover=&#8221;2px&#8221; button_one_letter_spacing__hover_enabled=&#8221;off&#8221; button_two_letter_spacing__hover_enabled=&#8221;off&#8221; button_bg_color__hover_enabled=&#8221;off&#8221; button_one_bg_color__hover_enabled=&#8221;off&#8221; button_two_bg_color__hover_enabled=&#8221;off&#8221; theme_builder_area=&#8221;post_content&#8221; button_url=&#8221;https:\/\/horizons-sante-mentale.com\/index.php\/demande-de-rendez-vous\/&#8221; sticky_enabled=&#8221;0&#8243;][\/et_pb_button][\/et_pb_column][et_pb_column _builder_version=&#8221;4.23.1&#8243; _module_preset=&#8221;default&#8221; type=&#8221;1_3&#8243; theme_builder_area=&#8221;post_content&#8221;][\/et_pb_column][\/et_pb_row][et_pb_row column_structure=&#8221;1_3,1_3,1_3&#8243; _builder_version=&#8221;4.23.1&#8243; _module_preset=&#8221;default&#8221; global_colors_info=&#8221;{}&#8221; theme_builder_area=&#8221;post_content&#8221;][et_pb_column type=&#8221;1_3&#8243; _builder_version=&#8221;4.23.1&#8243; _module_preset=&#8221;default&#8221; global_colors_info=&#8221;{}&#8221; theme_builder_area=&#8221;post_content&#8221;][et_pb_image src=&#8221;https:\/\/horizons-sante-mentale.com\/wp-content\/uploads\/2023\/11\/Projet-Redimensionner-une-image-3.jpeg&#8221; title_text=&#8221;Projet Redimensionner une image (3)&#8221; align=&#8221;center&#8221; align_tablet=&#8221;center&#8221; align_phone=&#8221;center&#8221; align_last_edited=&#8221;on|desktop&#8221; _builder_version=&#8221;4.23.1&#8243; custom_margin=&#8221;||20px|&#8221; animation_style=&#8221;fade&#8221; global_colors_info=&#8221;{}&#8221; theme_builder_area=&#8221;post_content&#8221;][\/et_pb_image][et_pb_text _builder_version=&#8221;4.23.1&#8243; _module_preset=&#8221;default&#8221; text_font=&#8221;Montserrat||||||||&#8221; header_5_font=&#8221;Montserrat|700||on|||||&#8221; header_5_text_color=&#8221;#000000&#8243; header_5_font_size=&#8221;18px&#8221; header_5_line_height=&#8221;1.2em&#8221; global_colors_info=&#8221;{}&#8221; theme_builder_area=&#8221;post_content&#8221;]<\/p>\n<h5 class=\"et_pb_module_header et-fb-editable-element et-fb-editable-element__editing\" data-shortcode-id=\"2.1.0.1-1700147881041\" data-quickaccess-id=\"header\" contenteditable=\"true\" style=\"text-align: center;\">CONSULTATION INITIALE D&#8217;\u00c9VALUATION P\u00c9DOPSYCHIATRIQUE<\/h5>\n<p>[\/et_pb_text][et_pb_toggle title=&#8221;En savoir plus&#8221; open_toggle_text_color=&#8221;#3493E5&#8243; open_toggle_background_color=&#8221;#FFFFFF&#8221; closed_toggle_text_color=&#8221;#3493E5&#8243; closed_toggle_background_color=&#8221;#FFFFFF&#8221; icon_color=&#8221;#3493E5&#8243; open_icon_color=&#8221;#3493E5&#8243; _builder_version=&#8221;4.23.1&#8243; _module_preset=&#8221;default&#8221; title_text_color=&#8221;#3493E5&#8243; title_font=&#8221;Inter|700||on|||||&#8221; title_text_align=&#8221;center&#8221; closed_title_font=&#8221;Inter|700|||||||&#8221; background_color=&#8221;#FFFFFF&#8221; text_orientation=&#8221;center&#8221; custom_padding=&#8221;12px||12px||true|false&#8221; border_radii=&#8221;on|100px|100px|100px|100px&#8221; border_width_all=&#8221;2px&#8221; border_color_all=&#8221;#3493E5&#8243; global_colors_info=&#8221;{}&#8221; theme_builder_area=&#8221;post_content&#8221;]<\/p>\n<p class=\"p1\">Essentielles pour d\u00e9finir les besoins pr\u00e9cis du jeune patient, ces consultations sp\u00e9cifiques se d\u00e9roulent g\u00e9n\u00e9ralement sur deux \u00e0 trois s\u00e9ances. L&#8217;approche d\u00e9pend \u00e0 la fois de la m\u00e9thodologie privil\u00e9gi\u00e9e par le m\u00e9decin et des sp\u00e9cificit\u00e9s de chaque situation. Ainsi, certains rendez-vous peuvent avoir lieu avec le patient seul, d&#8217;autres en pr\u00e9sence du patient et de ses parents, ou encore exclusivement avec les parents. Ces \u00e9valuations permettent non seulement d&#8217;\u00e9tablir un plan de consultations individuelles de suivi, mais aussi d&#8217;orienter, si n\u00e9cessaire, vers les professionnels de sant\u00e9 les plus adapt\u00e9s &#8211; qu&#8217;il s&#8217;agisse de psychologues, neuropsychologues, ergoth\u00e9rapeutes, psychomotriciens, kin\u00e9sith\u00e9rapeutes, di\u00e9t\u00e9ticiens, th\u00e9rapeutes familiaux\u2026<\/p>\n<p>[\/et_pb_toggle][\/et_pb_column][et_pb_column type=&#8221;1_3&#8243; _builder_version=&#8221;4.23.1&#8243; _module_preset=&#8221;default&#8221; global_colors_info=&#8221;{}&#8221; theme_builder_area=&#8221;post_content&#8221;][et_pb_image src=&#8221;https:\/\/horizons-sante-mentale.com\/wp-content\/uploads\/2023\/11\/Projet-Redimensionner-une-image-4.jpeg&#8221; title_text=&#8221;Projet Redimensionner une image (4)&#8221; align=&#8221;center&#8221; align_tablet=&#8221;center&#8221; align_phone=&#8221;center&#8221; align_last_edited=&#8221;on|desktop&#8221; _builder_version=&#8221;4.23.1&#8243; custom_margin=&#8221;||20px|&#8221; animation_style=&#8221;fade&#8221; global_colors_info=&#8221;{}&#8221; theme_builder_area=&#8221;post_content&#8221;][\/et_pb_image][et_pb_text _builder_version=&#8221;4.23.1&#8243; _module_preset=&#8221;default&#8221; text_font=&#8221;Montserrat||||||||&#8221; header_5_font=&#8221;Montserrat|700||on|||||&#8221; header_5_text_color=&#8221;#000000&#8243; header_5_font_size=&#8221;18px&#8221; header_5_line_height=&#8221;1.2em&#8221; global_colors_info=&#8221;{}&#8221; theme_builder_area=&#8221;post_content&#8221;]<\/p>\n<h5 class=\"et_pb_module_header et-fb-editable-element et-fb-editable-element__editing\" data-shortcode-id=\"2.1.0.1-1700147881041\" data-quickaccess-id=\"header\" contenteditable=\"true\" style=\"text-align: center;\">CONSULTATION<br \/>INDIVIDUELLE DE\u00a0<br \/>SUIVI<\/h5>\n<p>[\/et_pb_text][et_pb_toggle title=&#8221;En savoir plus&#8221; open_toggle_text_color=&#8221;#3493E5&#8243; open_toggle_background_color=&#8221;#FFFFFF&#8221; closed_toggle_text_color=&#8221;#3493E5&#8243; closed_toggle_background_color=&#8221;#FFFFFF&#8221; icon_color=&#8221;#3493E5&#8243; open_icon_color=&#8221;#3493E5&#8243; _builder_version=&#8221;4.23.1&#8243; _module_preset=&#8221;default&#8221; title_text_color=&#8221;#3493E5&#8243; title_font=&#8221;Inter|700||on|||||&#8221; title_text_align=&#8221;center&#8221; closed_title_font=&#8221;Inter|700|||||||&#8221; background_color=&#8221;#FFFFFF&#8221; text_orientation=&#8221;center&#8221; custom_padding=&#8221;12px||12px||true|false&#8221; border_radii=&#8221;on|100px|100px|100px|100px&#8221; border_width_all=&#8221;2px&#8221; border_color_all=&#8221;#3493E5&#8243; global_colors_info=&#8221;{}&#8221; theme_builder_area=&#8221;post_content&#8221;]<\/p>\n<p class=\"p1\">Men\u00e9es par nos m\u00e9decins p\u00e9dopsychiatres, ces consultations r\u00e9guli\u00e8res visent \u00e0 accompagner et soutenir le patient dans son parcours de soin, tout en ajustant, si n\u00e9cessaire, les modalit\u00e9s th\u00e9rapeutiques.<\/p>\n<p>[\/et_pb_toggle][\/et_pb_column][et_pb_column type=&#8221;1_3&#8243; _builder_version=&#8221;4.23.1&#8243; _module_preset=&#8221;default&#8221; global_colors_info=&#8221;{}&#8221; theme_builder_area=&#8221;post_content&#8221;][et_pb_image src=&#8221;https:\/\/horizons-sante-mentale.com\/wp-content\/uploads\/2023\/11\/Projet-Redimensionner-une-image-scaled.jpeg&#8221; title_text=&#8221;Projet Redimensionner une image&#8221; align=&#8221;center&#8221; align_tablet=&#8221;center&#8221; align_phone=&#8221;center&#8221; align_last_edited=&#8221;on|desktop&#8221; _builder_version=&#8221;4.23.1&#8243; custom_margin=&#8221;||20px|&#8221; animation_style=&#8221;fade&#8221; global_colors_info=&#8221;{}&#8221; theme_builder_area=&#8221;post_content&#8221;][\/et_pb_image][et_pb_text _builder_version=&#8221;4.23.1&#8243; _module_preset=&#8221;default&#8221; text_font=&#8221;Montserrat||||||||&#8221; header_5_font=&#8221;Montserrat|700||on|||||&#8221; header_5_text_color=&#8221;#000000&#8243; header_5_font_size=&#8221;18px&#8221; header_5_line_height=&#8221;1.2em&#8221; global_colors_info=&#8221;{}&#8221; theme_builder_area=&#8221;post_content&#8221;]<\/p>\n<h5 class=\"et_pb_module_header et-fb-editable-element et-fb-editable-element__editing\" data-shortcode-id=\"2.1.0.1-1700147881041\" data-quickaccess-id=\"header\" contenteditable=\"true\" style=\"text-align: center;\">ATELIERS THEMATIQUES THERAPEUTIQUES <br \/>DE GROUPE<\/h5>\n<p>[\/et_pb_text][et_pb_toggle title=&#8221;En savoir plus&#8221; open_toggle_text_color=&#8221;#3493E5&#8243; open_toggle_background_color=&#8221;#FFFFFF&#8221; closed_toggle_text_color=&#8221;#3493E5&#8243; closed_toggle_background_color=&#8221;#FFFFFF&#8221; icon_color=&#8221;#3493E5&#8243; open_icon_color=&#8221;#3493E5&#8243; _builder_version=&#8221;4.23.1&#8243; _module_preset=&#8221;default&#8221; title_text_color=&#8221;#3493E5&#8243; title_font=&#8221;Inter|700||on|||||&#8221; title_text_align=&#8221;center&#8221; closed_title_font=&#8221;Inter|700|||||||&#8221; background_color=&#8221;#FFFFFF&#8221; text_orientation=&#8221;center&#8221; custom_padding=&#8221;12px||12px||true|false&#8221; border_radii=&#8221;on|100px|100px|100px|100px&#8221; border_width_all=&#8221;2px&#8221; border_color_all=&#8221;#3493E5&#8243; global_colors_info=&#8221;{}&#8221; theme_builder_area=&#8221;post_content&#8221;]<\/p>\n<p class=\"p1\">Les ateliers th\u00e9matiques th\u00e9rapeutiques du Centre Horizons Sant\u00e9 Mentale enrichissent l\u2019approche th\u00e9rapeutique avec une dimension collective. Ces ateliers, limit\u00e9s \u00e0 4 participants, permettent de b\u00e9n\u00e9ficier des avantages de la dynamique de groupe, tout en assurant \u00e0 chacun une place significative et personnelle.<\/p>\n<p class=\"p1\">Ces sessions en groupes restreints permettent aux jeunes de travailler sur des th\u00e9matiques sp\u00e9cifiques connues \u00e0 l\u2019avance, l\u2019orientation vers un atelier particulier \u00e9tant personnalis\u00e9e selon les besoins et les difficult\u00e9s propres \u00e0 chaque patient.<\/p>\n<p class=\"p1\">Quelques exemples de th\u00e9matiques\u00a0: gestion de l\u2019anxi\u00e9t\u00e9, estime de soi, habilet\u00e9s sociales, gestion du stress li\u00e9 aux \u00e9tudes, mindfulness et m\u00e9ditation, communication avec les parents, gestion des \u00e9motions, d\u00e9pendance aux \u00e9crans et r\u00e9seaux sociaux, alimentation et image corporelle\u2026<\/p>\n<p>[\/et_pb_toggle][\/et_pb_column][\/et_pb_row][et_pb_row column_structure=&#8221;1_3,1_3,1_3&#8243; _builder_version=&#8221;4.16&#8243; global_colors_info=&#8221;{}&#8221; theme_builder_area=&#8221;post_content&#8221;][et_pb_column type=&#8221;1_3&#8243; _builder_version=&#8221;4.16&#8243; custom_padding=&#8221;|||&#8221; custom_padding_tablet=&#8221;|10%||10%||true&#8221; global_colors_info=&#8221;{}&#8221; padding_tablet=&#8221;|10%||10%||true&#8221; custom_padding__hover=&#8221;|||&#8221; theme_builder_area=&#8221;post_content&#8221;][et_pb_image src=&#8221;https:\/\/horizons-sante-mentale.com\/wp-content\/uploads\/2023\/11\/Projet-Redimensionner-une-image-5.jpeg&#8221; title_text=&#8221;Projet Redimensionner une image (5)&#8221; align=&#8221;center&#8221; align_tablet=&#8221;center&#8221; align_phone=&#8221;center&#8221; align_last_edited=&#8221;on|desktop&#8221; _builder_version=&#8221;4.23.1&#8243; custom_margin=&#8221;||20px|&#8221; animation_style=&#8221;fade&#8221; global_colors_info=&#8221;{}&#8221; theme_builder_area=&#8221;post_content&#8221;][\/et_pb_image][et_pb_text _builder_version=&#8221;4.23.1&#8243; _module_preset=&#8221;default&#8221; text_font=&#8221;Montserrat||||||||&#8221; header_5_font=&#8221;Montserrat|700||on|||||&#8221; header_5_text_color=&#8221;#000000&#8243; header_5_font_size=&#8221;18px&#8221; header_5_line_height=&#8221;1.2em&#8221; global_colors_info=&#8221;{}&#8221; theme_builder_area=&#8221;post_content&#8221;]<\/p>\n<h5 class=\"et_pb_module_header et-fb-editable-element et-fb-editable-element__editing\" data-shortcode-id=\"2.1.0.1-1700147881041\" data-quickaccess-id=\"header\" contenteditable=\"true\" style=\"text-align: center;\">Consultations individuelles pour parents <br \/>et proches aidants<\/h5>\n<p>[\/et_pb_text][et_pb_toggle title=&#8221;En savoir plus&#8221; open_toggle_text_color=&#8221;#3493E5&#8243; open_toggle_background_color=&#8221;#FFFFFF&#8221; closed_toggle_text_color=&#8221;#3493E5&#8243; closed_toggle_background_color=&#8221;#FFFFFF&#8221; icon_color=&#8221;#3493E5&#8243; open_icon_color=&#8221;#3493E5&#8243; _builder_version=&#8221;4.23.1&#8243; _module_preset=&#8221;default&#8221; title_text_color=&#8221;#3493E5&#8243; title_font=&#8221;Inter|700||on|||||&#8221; title_text_align=&#8221;center&#8221; closed_title_font=&#8221;Inter|700|||||||&#8221; background_color=&#8221;#FFFFFF&#8221; text_orientation=&#8221;center&#8221; custom_padding=&#8221;12px||12px||true|false&#8221; border_radii=&#8221;on|100px|100px|100px|100px&#8221; border_width_all=&#8221;2px&#8221; border_color_all=&#8221;#3493E5&#8243; global_colors_info=&#8221;{}&#8221; theme_builder_area=&#8221;post_content&#8221;]<\/p>\n<p class=\"p1\">Reconnaissant le r\u00f4le essentiel des proches dans le processus de gu\u00e9rison, le Centre Horizons propose des consultations sp\u00e9cifiques d\u00e9di\u00e9es aux parents et aidants. Ces consultations ont pour vocation de fournir soutien et compr\u00e9hension des troubles mentaux, d&#8217;offrir des strat\u00e9gies pratiques au quotidien, de guider vers les ressources et orientations adapt\u00e9es, et de renforcer leur r\u00f4le essentiel dans le parcours de sant\u00e9 mentale du jeune.<\/p>\n<p>[\/et_pb_toggle][\/et_pb_column][et_pb_column type=&#8221;1_3&#8243; _builder_version=&#8221;4.16&#8243; custom_padding=&#8221;|||&#8221; custom_padding_tablet=&#8221;|10%||10%||true&#8221; global_colors_info=&#8221;{}&#8221; padding_tablet=&#8221;|10%||10%||true&#8221; custom_padding__hover=&#8221;|||&#8221; theme_builder_area=&#8221;post_content&#8221;][et_pb_image src=&#8221;https:\/\/horizons-sante-mentale.com\/wp-content\/uploads\/2023\/11\/Projet-Redimensionner-une-image-2.jpeg&#8221; title_text=&#8221;Projet Redimensionner une image (2)&#8221; align=&#8221;center&#8221; align_tablet=&#8221;center&#8221; align_phone=&#8221;center&#8221; align_last_edited=&#8221;on|desktop&#8221; _builder_version=&#8221;4.23.1&#8243; custom_margin=&#8221;||20px|&#8221; animation_style=&#8221;fade&#8221; global_colors_info=&#8221;{}&#8221; theme_builder_area=&#8221;post_content&#8221;][\/et_pb_image][et_pb_text _builder_version=&#8221;4.23.1&#8243; _module_preset=&#8221;default&#8221; text_font=&#8221;Montserrat||||||||&#8221; header_5_font=&#8221;Montserrat|700||on|||||&#8221; header_5_text_color=&#8221;#000000&#8243; header_5_font_size=&#8221;18px&#8221; header_5_line_height=&#8221;1.2em&#8221; global_colors_info=&#8221;{}&#8221; theme_builder_area=&#8221;post_content&#8221;]<\/p>\n<h5 class=\"et_pb_module_header et-fb-editable-element et-fb-editable-element__editing\" data-shortcode-id=\"2.1.0.1-1700147881041\" data-quickaccess-id=\"header\" contenteditable=\"true\" style=\"text-align: center;\">Ateliers th\u00e9matiques<br \/>th\u00e9rapeutiques<br \/>Parents<\/h5>\n<p>[\/et_pb_text][et_pb_toggle title=&#8221;En savoir plus&#8221; open_toggle_text_color=&#8221;#3493E5&#8243; open_toggle_background_color=&#8221;#FFFFFF&#8221; closed_toggle_text_color=&#8221;#3493E5&#8243; closed_toggle_background_color=&#8221;#FFFFFF&#8221; icon_color=&#8221;#3493E5&#8243; open_icon_color=&#8221;#3493E5&#8243; _builder_version=&#8221;4.23.1&#8243; _module_preset=&#8221;default&#8221; title_text_color=&#8221;#3493E5&#8243; title_font=&#8221;Inter|700||on|||||&#8221; title_text_align=&#8221;center&#8221; closed_title_font=&#8221;Inter|700|||||||&#8221; background_color=&#8221;#FFFFFF&#8221; text_orientation=&#8221;center&#8221; custom_padding=&#8221;12px||12px||true|false&#8221; border_radii=&#8221;on|100px|100px|100px|100px&#8221; border_width_all=&#8221;2px&#8221; border_color_all=&#8221;#3493E5&#8243; global_colors_info=&#8221;{}&#8221; theme_builder_area=&#8221;post_content&#8221;]<\/p>\n<p class=\"p1\">Les ateliers th\u00e9rapeutiques parents sont anim\u00e9s par nos p\u00e9dopsychiatres, et se d\u00e9roulent \u00e9galement en effectifs restreints. Ils permettent d\u2019aborder les m\u00eames th\u00e9matiques qu\u2019en consultation parentale individuelle (soutien et compr\u00e9hension, strat\u00e9gies pratiques, orientation et ressources, renforcement du r\u00f4le de l\u2019aidant), tout en b\u00e9n\u00e9ficiant de la dynamique collective, favorisant ainsi l\u2019\u00e9change, le partage de ressentis et l\u2019entraide entre parents, ainsi que la mutualisation des v\u00e9cus et des ressources.<\/p>\n<p>[\/et_pb_toggle][\/et_pb_column][et_pb_column type=&#8221;1_3&#8243; _builder_version=&#8221;4.16&#8243; custom_padding=&#8221;|||&#8221; custom_padding_tablet=&#8221;|10%||10%||true&#8221; global_colors_info=&#8221;{}&#8221; padding_tablet=&#8221;|10%||10%||true&#8221; custom_padding__hover=&#8221;|||&#8221; theme_builder_area=&#8221;post_content&#8221;][et_pb_image src=&#8221;https:\/\/horizons-sante-mentale.com\/wp-content\/uploads\/2023\/11\/Projet-Redimensionner-une-image-1.jpeg&#8221; title_text=&#8221;Projet Redimensionner une image (1)&#8221; align=&#8221;center&#8221; align_tablet=&#8221;center&#8221; align_phone=&#8221;center&#8221; align_last_edited=&#8221;on|desktop&#8221; _builder_version=&#8221;4.23.1&#8243; custom_margin=&#8221;||20px|&#8221; animation_style=&#8221;fade&#8221; global_colors_info=&#8221;{}&#8221; theme_builder_area=&#8221;post_content&#8221;][\/et_pb_image][et_pb_text _builder_version=&#8221;4.23.1&#8243; _module_preset=&#8221;default&#8221; text_font=&#8221;Montserrat||||||||&#8221; header_5_font=&#8221;Montserrat|700||on|||||&#8221; header_5_text_color=&#8221;#000000&#8243; header_5_font_size=&#8221;18px&#8221; header_5_line_height=&#8221;1.2em&#8221; global_colors_info=&#8221;{}&#8221; theme_builder_area=&#8221;post_content&#8221; hover_enabled=&#8221;0&#8243; sticky_enabled=&#8221;0&#8243;]<\/p>\n<h5 style=\"text-align: center;\">Th\u00e9rapie familiale<\/h5>\n<p>[\/et_pb_text][\/et_pb_column][\/et_pb_row][\/et_pb_section]<\/p>\n","protected":false},"excerpt":{"rendered":"<p>nos diff\u00e9rentes consultationsCONSULTATION INITIALE D&#8217;\u00c9VALUATION P\u00c9DOPSYCHIATRIQUEEssentielles pour d\u00e9finir les besoins pr\u00e9cis du jeune patient, ces consultations sp\u00e9cifiques se d\u00e9roulent g\u00e9n\u00e9ralement sur deux \u00e0 trois s\u00e9ances. L&#8217;approche d\u00e9pend \u00e0 la fois de la m\u00e9thodologie privil\u00e9gi\u00e9e par le m\u00e9decin et des sp\u00e9cificit\u00e9s de chaque situation. Ainsi, certains rendez-vous peuvent avoir lieu avec le patient seul, d&#8217;autres en [&hellip;]<\/p>\n","protected":false},"author":1,"featured_media":0,"parent":0,"menu_order":0,"comment_status":"closed","ping_status":"closed","template":"","meta":{"_et_pb_use_builder":"on","_et_pb_old_content":"<!-- wp:divi\/placeholder \/-->","_et_gb_content_width":"","footnotes":""},"class_list":["post-52","page","type-page","status-publish","hentry"],"_links":{"self":[{"href":"https:\/\/horizons-sante-mentale.com\/index.php\/wp-json\/wp\/v2\/pages\/52","targetHints":{"allow":["GET"]}}],"collection":[{"href":"https:\/\/horizons-sante-mentale.com\/index.php\/wp-json\/wp\/v2\/pages"}],"about":[{"href":"https:\/\/horizons-sante-mentale.com\/index.php\/wp-json\/wp\/v2\/types\/page"}],"author":[{"embeddable":true,"href":"https:\/\/horizons-sante-mentale.com\/index.php\/wp-json\/wp\/v2\/users\/1"}],"replies":[{"embeddable":true,"href":"https:\/\/horizons-sante-mentale.com\/index.php\/wp-json\/wp\/v2\/comments?post=52"}],"version-history":[{"count":8,"href":"https:\/\/horizons-sante-mentale.com\/index.php\/wp-json\/wp\/v2\/pages\/52\/revisions"}],"predecessor-version":[{"id":460,"href":"https:\/\/horizons-sante-mentale.com\/index.php\/wp-json\/wp\/v2\/pages\/52\/revisions\/460"}],"wp:attachment":[{"href":"https:\/\/horizons-sante-mentale.com\/index.php\/wp-json\/wp\/v2\/media?parent=52"}],"curies":[{"name":"wp","href":"https:\/\/api.w.org\/{rel}","templated":true}]}}