{"id":48,"date":"2023-11-09T19:48:41","date_gmt":"2023-11-09T18:48:41","guid":{"rendered":"http:\/\/horizons-sante-mentale.com\/?page_id=48"},"modified":"2023-11-16T18:36:13","modified_gmt":"2023-11-16T17:36:13","slug":"nos-valeurs-et-notre-approche","status":"publish","type":"page","link":"https:\/\/horizons-sante-mentale.com\/index.php\/nos-valeurs-et-notre-approche\/","title":{"rendered":"Nos valeurs et notre approche"},"content":{"rendered":"<p>[et_pb_section fb_built=&#8221;1&#8243; _builder_version=&#8221;4.23.1&#8243; _module_preset=&#8221;default&#8221; custom_padding=&#8221;||0px|||&#8221; global_colors_info=&#8221;{}&#8221;][et_pb_row _builder_version=&#8221;4.23.1&#8243; _module_preset=&#8221;default&#8221; custom_margin=&#8221;-65px|auto||auto||&#8221; custom_padding=&#8221;||2px|||&#8221; global_colors_info=&#8221;{}&#8221;][et_pb_column type=&#8221;4_4&#8243; _builder_version=&#8221;4.16&#8243; _module_preset=&#8221;default&#8221; global_colors_info=&#8221;{}&#8221;][et_pb_text _builder_version=&#8221;4.23.1&#8243; _module_preset=&#8221;e598b17a-9229-42f6-b238-019d6094332e&#8221; header_font=&#8221;Outfit|600|||||||&#8221; header_text_color=&#8221;#000000&#8243; header_font_size=&#8221;72px&#8221; header_line_height=&#8221;1.1em&#8221; max_width=&#8221;800px&#8221; custom_margin=&#8221;||0px||false|false&#8221; header_font_size_tablet=&#8221;40px&#8221; header_font_size_phone=&#8221;24px&#8221; header_font_size_last_edited=&#8221;on|phone&#8221; locked=&#8221;off&#8221; global_colors_info=&#8221;{}&#8221;]<\/p>\n<h1>nos valeurs et notre approche<\/h1>\n<p>[\/et_pb_text][et_pb_divider color=&#8221;rgba(76,89,76,0.3)&#8221; divider_weight=&#8221;10px&#8221; _builder_version=&#8221;4.23.1&#8243; _module_preset=&#8221;a9fcc5b1-74c5-43b4-b776-3e310da5f3e8&#8243; z_index=&#8221;10&#8243; max_width=&#8221;260px&#8221; height=&#8221;10px&#8221; custom_margin=&#8221;-32px||30px||false|false&#8221; custom_margin_tablet=&#8221;-27px||||false|false&#8221; custom_margin_phone=&#8221;-18px||||false|false&#8221; custom_margin_last_edited=&#8221;on|phone&#8221; global_colors_info=&#8221;{}&#8221;][\/et_pb_divider][\/et_pb_column][\/et_pb_row][\/et_pb_section][et_pb_section fb_built=&#8221;1&#8243; use_custom_gutter=&#8221;on&#8221; gutter_width=&#8221;1&#8243; specialty=&#8221;on&#8221; background_color_2=&#8221;#f7f7f7&#8243; padding_top_2=&#8221;60px&#8221; admin_label=&#8221;About Us&#8221; module_class=&#8221; et_pb_specialty_fullwidth&#8221; _builder_version=&#8221;4.23.1&#8243; background_color=&#8221;#F6F6F6&#8243; use_background_color_gradient=&#8221;on&#8221; background_color_gradient_type=&#8221;circular&#8221; background_color_gradient_direction_radial=&#8221;top left&#8221; background_color_gradient_stops=&#8221;rgba(12,12,12,0.4) 0%|rgba(12,12,12,0) 100%&#8221; background_color_gradient_overlays_image=&#8221;on&#8221; background_color_gradient_start=&#8221;rgba(12,12,12,0.4)&#8221; background_color_gradient_end=&#8221;rgba(12,12,12,0)&#8221; background_image=&#8221;https:\/\/horizons-sante-mentale.com\/wp-content\/uploads\/2023\/11\/disposition-elements-du-concept-optimisme-scaled.jpg&#8221; background_size=&#8221;contain&#8221; background_position=&#8221;top_left&#8221; background_horizontal_offset=&#8221;-45%&#8221; inner_width=&#8221;100%&#8221; inner_width_tablet=&#8221;100%&#8221; inner_width_phone=&#8221;100%&#8221; inner_width_last_edited=&#8221;on|desktop&#8221; inner_max_width=&#8221;100%&#8221; inner_max_width_tablet=&#8221;100%&#8221; inner_max_width_phone=&#8221;100%&#8221; inner_max_width_last_edited=&#8221;on|desktop&#8221; custom_margin=&#8221;|||&#8221; custom_padding=&#8221;0px|0px|0px|0px|true|false&#8221; make_fullwidth=&#8221;on&#8221; global_colors_info=&#8221;{}&#8221;][et_pb_column type=&#8221;1_3&#8243; _builder_version=&#8221;4.16&#8243; custom_padding=&#8221;|||&#8221; global_colors_info=&#8221;{}&#8221; custom_padding__hover=&#8221;|||&#8221;][et_pb_divider show_divider=&#8221;off&#8221; _builder_version=&#8221;4.23.1&#8243; height=&#8221;240px&#8221; global_colors_info=&#8221;{}&#8221;][\/et_pb_divider][\/et_pb_column][et_pb_column type=&#8221;2_3&#8243; specialty_columns=&#8221;2&#8243; _builder_version=&#8221;4.16&#8243; background_color=&#8221;#f7f7f7&#8243; custom_padding=&#8221;|||&#8221; global_colors_info=&#8221;{}&#8221; custom_padding__hover=&#8221;|||&#8221;][et_pb_row_inner custom_padding_last_edited=&#8221;on|tablet&#8221; _builder_version=&#8221;4.16&#8243; custom_margin=&#8221;|||&#8221; custom_padding=&#8221;|8vw|45px|8vw|false|false&#8221; custom_padding_tablet=&#8221;|40px||40px||true&#8221; custom_padding_phone=&#8221;&#8221; global_colors_info=&#8221;{}&#8221;][et_pb_column_inner saved_specialty_column_type=&#8221;2_3&#8243; _builder_version=&#8221;4.16&#8243; custom_padding=&#8221;|||&#8221; global_colors_info=&#8221;{}&#8221; custom_padding__hover=&#8221;|||&#8221;][et_pb_text _builder_version=&#8221;4.23.1&#8243; text_font=&#8221;||||||||&#8221; header_font=&#8221;Inter||||||||&#8221; header_2_font=&#8221;Rubik|700|||||||&#8221; header_2_font_size=&#8221;42px&#8221; header_2_line_height=&#8221;1.2em&#8221; module_alignment=&#8221;center&#8221; custom_margin=&#8221;|||&#8221; custom_padding=&#8221;|||&#8221; header_2_font_size_tablet=&#8221;&#8221; header_2_font_size_phone=&#8221;36px&#8221; header_2_font_size_last_edited=&#8221;on|phone&#8221; locked=&#8221;off&#8221; global_colors_info=&#8221;{}&#8221;]<\/p>\n<h2>&#8220;Chez Horizons sant\u00e9 mentale, nous croyons en l\u2019importance d\u2019une approche humaine de la p\u00e9dopsychiatrie, centr\u00e9e sur la personne et son environnement&#8221;<\/h2>\n<p>[\/et_pb_text][et_pb_divider color=&#8221;#FC8E4F&#8221; divider_position=&#8221;center&#8221; divider_weight=&#8221;5px&#8221; _builder_version=&#8221;4.16&#8243; max_width=&#8221;50px&#8221; global_colors_info=&#8221;{}&#8221;][\/et_pb_divider][\/et_pb_column_inner][\/et_pb_row_inner][et_pb_row_inner column_structure=&#8221;1_2,1_2&#8243; use_custom_gutter=&#8221;on&#8221; custom_padding_last_edited=&#8221;on|tablet&#8221; _builder_version=&#8221;4.23.1&#8243; module_alignment=&#8221;center&#8221; custom_margin=&#8221;|||&#8221; custom_padding=&#8221;0px|8vw|0px|8vw|true|true&#8221; custom_padding_tablet=&#8221;|40px||40px||true&#8221; custom_padding_phone=&#8221;&#8221; global_colors_info=&#8221;{}&#8221;][et_pb_column_inner type=&#8221;1_2&#8243; saved_specialty_column_type=&#8221;2_3&#8243; _builder_version=&#8221;4.16&#8243; custom_padding=&#8221;|||&#8221; custom_padding_tablet=&#8221;|0px||&#8221; custom_padding_last_edited=&#8221;off|desktop&#8221; global_colors_info=&#8221;{}&#8221; padding_tablet=&#8221;|0px||&#8221; padding_last_edited=&#8221;off|desktop&#8221; custom_padding__hover=&#8221;|||&#8221;][et_pb_text _builder_version=&#8221;4.23.1&#8243; text_font=&#8221;||||||||&#8221; text_font_size=&#8221;15px&#8221; text_line_height=&#8221;1.8em&#8221; custom_padding=&#8221;|||&#8221; custom_padding_tablet=&#8221;|40px||40px||true&#8221; custom_padding_last_edited=&#8221;off|desktop&#8221; global_colors_info=&#8221;{}&#8221;]<\/p>\n<p>La collaboration, la bienveillance et le professionnalisme guident chacune de nos actions.<\/p>\n<p class=\"p1\">Chaque consultation est pens\u00e9e pour offrir une expertise m\u00e9dicale individualis\u00e9e et une occasion de renforcer l\u2019alliance th\u00e9rapeutique. Le centre propose ainsi des soins sur-mesure, en phase avec les derni\u00e8res recommandations m\u00e9dicales.<\/p>\n<p class=\"p1\">Cette approche, int\u00e9grative et mesur\u00e9e en particulier en ce qui concerne l\u2019utilisation de traitements psychotropes chez les jeunes, t\u00e9moigne de notre engagement \u00e0 \u00e9valuer soigneusement chaque situation pour assurer un accompagnement optimal.<\/p>\n<p class=\"p1\">\n<p>[\/et_pb_text][\/et_pb_column_inner][et_pb_column_inner type=&#8221;1_2&#8243; saved_specialty_column_type=&#8221;2_3&#8243; _builder_version=&#8221;4.16&#8243; custom_padding=&#8221;|||&#8221; global_colors_info=&#8221;{}&#8221; custom_padding__hover=&#8221;|||&#8221;][et_pb_text _builder_version=&#8221;4.16&#8243; text_font=&#8221;||||||||&#8221; text_font_size=&#8221;15px&#8221; text_line_height=&#8221;1.8em&#8221; locked=&#8221;off&#8221; global_colors_info=&#8221;{}&#8221;]<\/p>\n<p class=\"p1\">\n<p>L\u2019essence m\u00eame du Centre Horizons Sant\u00e9 Mentale est de rester centr\u00e9e sur le jeune tout en ayant la vision la plus globale possible. Cela implique une attention particuli\u00e8re non seulement au patient lui-m\u00eame, mais \u00e9galement \u00e0 son environnement imm\u00e9diat, notamment les parents, la fratrie et autres proches aidants. Cette vision inclusive et youth-friendly garantit que chaque patient et sa famille trouvent une place au sein du centre, loin de tout jugement.<\/p>\n<p><\/p>\n<p>[\/et_pb_text][et_pb_button button_url=&#8221;https:\/\/horizons-sante-mentale.com\/index.php\/demande-de-rendez-vous\/&#8221; button_text=&#8221;PRENDRE RENDEZ-VOUS&#8221; button_alignment=&#8221;center&#8221; _builder_version=&#8221;4.23.1&#8243; custom_button=&#8221;on&#8221; button_text_size=&#8221;15px&#8221; button_text_color=&#8221;#3493E5&#8243; button_bg_color=&#8221;#FFFFFF&#8221; button_border_width=&#8221;2px&#8221; button_border_color=&#8221;#3493E5&#8243; button_border_radius=&#8221;100px&#8221; button_letter_spacing=&#8221;2px&#8221; button_font=&#8221;Montserrat|700||on|||||&#8221; button_icon_color=&#8221;#3493E5&#8243; custom_margin=&#8221;|||0px|false|false&#8221; custom_padding=&#8221;6px|25px|6px|25px|true|true&#8221; hover_enabled=&#8221;0&#8243; box_shadow_style=&#8221;preset4&#8243; box_shadow_horizontal=&#8221;4px&#8221; box_shadow_vertical=&#8221;5px&#8221; box_shadow_blur=&#8221;4px&#8221; box_shadow_color=&#8221;#C4D6E6&#8243; button_letter_spacing_hover=&#8221;2px&#8221; global_colors_info=&#8221;{}&#8221; button_text_size__hover_enabled=&#8221;off&#8221; button_one_text_size__hover_enabled=&#8221;off&#8221; button_two_text_size__hover_enabled=&#8221;off&#8221; button_text_color__hover_enabled=&#8221;off&#8221; button_one_text_color__hover_enabled=&#8221;off&#8221; button_two_text_color__hover_enabled=&#8221;off&#8221; button_border_width__hover_enabled=&#8221;off&#8221; button_one_border_width__hover_enabled=&#8221;off&#8221; button_two_border_width__hover_enabled=&#8221;off&#8221; button_border_color__hover_enabled=&#8221;off&#8221; button_one_border_color__hover_enabled=&#8221;off&#8221; button_two_border_color__hover_enabled=&#8221;off&#8221; button_border_radius__hover_enabled=&#8221;off&#8221; button_one_border_radius__hover_enabled=&#8221;off&#8221; button_two_border_radius__hover_enabled=&#8221;off&#8221; button_letter_spacing__hover_enabled=&#8221;on&#8221; button_letter_spacing__hover=&#8221;2px&#8221; button_one_letter_spacing__hover_enabled=&#8221;off&#8221; button_two_letter_spacing__hover_enabled=&#8221;off&#8221; button_bg_color__hover_enabled=&#8221;off&#8221; button_one_bg_color__hover_enabled=&#8221;off&#8221; button_two_bg_color__hover_enabled=&#8221;off&#8221; sticky_enabled=&#8221;0&#8243;][\/et_pb_button][\/et_pb_column_inner][\/et_pb_row_inner][et_pb_row_inner _builder_version=&#8221;4.23.1&#8243; _module_preset=&#8221;default&#8221; global_colors_info=&#8221;{}&#8221;][et_pb_column_inner saved_specialty_column_type=&#8221;2_3&#8243; _builder_version=&#8221;4.23.1&#8243; _module_preset=&#8221;default&#8221; global_colors_info=&#8221;{}&#8221;][\/et_pb_column_inner][\/et_pb_row_inner][\/et_pb_column][\/et_pb_section]<\/p>\n","protected":false},"excerpt":{"rendered":"<p>nos valeurs et notre approche&#8221;Chez Horizons sant\u00e9 mentale, nous croyons en l\u2019importance d\u2019une approche humaine de la p\u00e9dopsychiatrie, centr\u00e9e sur la personne et son environnement&#8221;La collaboration, la bienveillance et le professionnalisme guident chacune de nos actions. Chaque consultation est pens\u00e9e pour offrir une expertise m\u00e9dicale individualis\u00e9e et une occasion de renforcer l\u2019alliance th\u00e9rapeutique. Le centre [&hellip;]<\/p>\n","protected":false},"author":1,"featured_media":0,"parent":0,"menu_order":0,"comment_status":"closed","ping_status":"closed","template":"","meta":{"_et_pb_use_builder":"on","_et_pb_old_content":"<!-- wp:divi\/placeholder \/-->","_et_gb_content_width":"","footnotes":""},"class_list":["post-48","page","type-page","status-publish","hentry"],"_links":{"self":[{"href":"https:\/\/horizons-sante-mentale.com\/index.php\/wp-json\/wp\/v2\/pages\/48","targetHints":{"allow":["GET"]}}],"collection":[{"href":"https:\/\/horizons-sante-mentale.com\/index.php\/wp-json\/wp\/v2\/pages"}],"about":[{"href":"https:\/\/horizons-sante-mentale.com\/index.php\/wp-json\/wp\/v2\/types\/page"}],"author":[{"embeddable":true,"href":"https:\/\/horizons-sante-mentale.com\/index.php\/wp-json\/wp\/v2\/users\/1"}],"replies":[{"embeddable":true,"href":"https:\/\/horizons-sante-mentale.com\/index.php\/wp-json\/wp\/v2\/comments?post=48"}],"version-history":[{"count":9,"href":"https:\/\/horizons-sante-mentale.com\/index.php\/wp-json\/wp\/v2\/pages\/48\/revisions"}],"predecessor-version":[{"id":505,"href":"https:\/\/horizons-sante-mentale.com\/index.php\/wp-json\/wp\/v2\/pages\/48\/revisions\/505"}],"wp:attachment":[{"href":"https:\/\/horizons-sante-mentale.com\/index.php\/wp-json\/wp\/v2\/media?parent=48"}],"curies":[{"name":"wp","href":"https:\/\/api.w.org\/{rel}","templated":true}]}}